{"id":3764,"date":"2025-07-02T02:55:37","date_gmt":"2025-07-02T02:55:37","guid":{"rendered":"https:\/\/omokamuebles.com\/?page_id=3764"},"modified":"2025-07-09T03:53:12","modified_gmt":"2025-07-09T03:53:12","slug":"gabinetes","status":"publish","type":"page","link":"https:\/\/omokamuebles.com\/index.php\/gabinetes\/","title":{"rendered":"Gabinetes"},"content":{"rendered":"\t\t<div data-elementor-type=\"wp-page\" data-elementor-id=\"3764\" class=\"elementor elementor-3764\">\n\t\t\t\t\t\t<section class=\"elementor-section elementor-top-section elementor-element elementor-element-95b7732 elementor-section-height-min-height banner elementor-section-boxed elementor-section-height-default elementor-section-items-middle\" data-id=\"95b7732\" data-element_type=\"section\" data-settings=\"{&quot;background_background&quot;:&quot;classic&quot;}\">\n\t\t\t\t\t\t<div class=\"elementor-container elementor-column-gap-default\">\n\t\t\t\t\t<div class=\"elementor-column elementor-col-100 elementor-top-column elementor-element elementor-element-a4ee519\" data-id=\"a4ee519\" data-element_type=\"column\">\n\t\t\t<div class=\"elementor-widget-wrap elementor-element-populated\">\n\t\t\t\t\t\t<div class=\"elementor-element elementor-element-678f56d elementor-widget elementor-widget-heading\" data-id=\"678f56d\" data-element_type=\"widget\" data-widget_type=\"heading.default\">\n\t\t\t\t<div class=\"elementor-widget-container\">\n\t\t\t\t\t<h1 class=\"elementor-heading-title elementor-size-default\">GABINETES  MET\u00c1LICOS<\/h1>\t\t\t\t<\/div>\n\t\t\t\t<\/div>\n\t\t\t\t\t<\/div>\n\t\t<\/div>\n\t\t\t\t\t<\/div>\n\t\t<\/section>\n\t\t\t\t<section class=\"elementor-section elementor-top-section elementor-element elementor-element-e24e824 elementor-section-boxed elementor-section-height-default elementor-section-height-default\" data-id=\"e24e824\" data-element_type=\"section\">\n\t\t\t\t\t\t<div class=\"elementor-container elementor-column-gap-default\">\n\t\t\t\t\t<div class=\"elementor-column elementor-col-100 elementor-top-column elementor-element elementor-element-838a8e6\" data-id=\"838a8e6\" data-element_type=\"column\">\n\t\t\t<div class=\"elementor-widget-wrap elementor-element-populated\">\n\t\t\t\t\t\t<div class=\"elementor-element elementor-element-7435677 elementor-widget elementor-widget-heading\" data-id=\"7435677\" data-element_type=\"widget\" data-widget_type=\"heading.default\">\n\t\t\t\t<div class=\"elementor-widget-container\">\n\t\t\t\t\t<h4 class=\"elementor-heading-title elementor-size-default\">En Omoka Muebles, ofrecemos una l\u00ednea especializada de gabinetes met\u00e1licos dise\u00f1ados para brindar soluciones eficientes Y seguras. Cada gabinete est\u00e1 fabricado con l\u00e1mina rolada en fr\u00edo de calibre industrial, lo que garantiza una estructura s\u00f3lida, resistente al uso intensivo y al paso del tiempo.<\/h4>\t\t\t\t<\/div>\n\t\t\t\t<\/div>\n\t\t\t\t\t<\/div>\n\t\t<\/div>\n\t\t\t\t\t<\/div>\n\t\t<\/section>\n\t\t\t\t<section class=\"elementor-section elementor-top-section elementor-element elementor-element-afca736 elementor-section-boxed elementor-section-height-default elementor-section-height-default\" data-id=\"afca736\" data-element_type=\"section\">\n\t\t\t\t\t\t<div class=\"elementor-container elementor-column-gap-default\">\n\t\t\t\t\t<div class=\"elementor-column elementor-col-100 elementor-top-column elementor-element elementor-element-0f1f13a\" data-id=\"0f1f13a\" data-element_type=\"column\">\n\t\t\t<div class=\"elementor-widget-wrap elementor-element-populated\">\n\t\t\t\t\t\t<div class=\"elementor-element elementor-element-8d936ef elementor-widget elementor-widget-shortcode\" data-id=\"8d936ef\" data-element_type=\"widget\" data-widget_type=\"shortcode.default\">\n\t\t\t\t<div class=\"elementor-widget-container\">\n\t\t\t\t\t\t\t<div class=\"elementor-shortcode\"><div class=\"woocommerce columns-4 \"><ul class=\"products columns-4\">\n<li class=\"desktop-align-left tablet-align-left mobile-align-left product type-product post-2961 status-publish first instock product_cat-almacenamiento product_tag-almacenamiento product_tag-entrepano product_tag-gabinete product_tag-metalicos has-post-thumbnail shipping-taxable product-type-simple\">\n\t<a href=\"https:\/\/omokamuebles.com\/index.php\/producto\/gabinete-ajustable\/\" class=\"woocommerce-LoopProduct-link woocommerce-loop-product__link\"><img fetchpriority=\"high\" decoding=\"async\" width=\"300\" height=\"300\" src=\"https:\/\/omokamuebles.com\/wp-content\/uploads\/2024\/08\/gabinete-ajustable-300x300.jpg\" class=\"attachment-woocommerce_thumbnail size-woocommerce_thumbnail\" alt=\"Gabinete ajustable\" srcset=\"https:\/\/omokamuebles.com\/wp-content\/uploads\/2024\/08\/gabinete-ajustable-300x300.jpg 300w, https:\/\/omokamuebles.com\/wp-content\/uploads\/2024\/08\/gabinete-ajustable-150x150.jpg 150w, https:\/\/omokamuebles.com\/wp-content\/uploads\/2024\/08\/gabinete-ajustable-100x100.jpg 100w, https:\/\/omokamuebles.com\/wp-content\/uploads\/2024\/08\/gabinete-ajustable.jpg 400w\" sizes=\"(max-width: 300px) 100vw, 300px\" \/><h2 class=\"woocommerce-loop-product__title\">Gabinete ajustable<\/h2><div class=\"star-rating\" role=\"img\" aria-label=\"Valorado con 5.00 de 5\"><span style=\"width:100%\">Valorado con <strong class=\"rating\">5.00<\/strong> de 5<\/span><\/div>\n<\/a><a href=\"https:\/\/omokamuebles.com\/index.php\/producto\/gabinete-ajustable\/\" aria-describedby=\"woocommerce_loop_add_to_cart_link_describedby_2961\" data-quantity=\"1\" class=\"button product_type_simple\" data-product_id=\"2961\" data-product_sku=\"\" aria-label=\"Lee m\u00e1s sobre &ldquo;Gabinete ajustable&rdquo;\" rel=\"nofollow\" data-success_message=\"\">Leer m\u00e1s<\/a>\t<span id=\"woocommerce_loop_add_to_cart_link_describedby_2961\" class=\"screen-reader-text\">\n\t\t\t<\/span>\n<\/li>\n<li class=\"desktop-align-left tablet-align-left mobile-align-left product type-product post-3776 status-publish instock product_cat-almacenamiento product_tag-almacenamiento product_tag-gabinete has-post-thumbnail shipping-taxable product-type-simple\">\n\t<a href=\"https:\/\/omokamuebles.com\/index.php\/producto\/gabinete-articulos-de-limpieza\/\" class=\"woocommerce-LoopProduct-link woocommerce-loop-product__link\"><img decoding=\"async\" width=\"300\" height=\"300\" src=\"https:\/\/omokamuebles.com\/wp-content\/uploads\/2025\/07\/Gabinete-articulos-de-limpieza-300x300.jpg\" class=\"attachment-woocommerce_thumbnail size-woocommerce_thumbnail\" alt=\"Gabinete productos de limpieza\" srcset=\"https:\/\/omokamuebles.com\/wp-content\/uploads\/2025\/07\/Gabinete-articulos-de-limpieza-300x300.jpg 300w, https:\/\/omokamuebles.com\/wp-content\/uploads\/2025\/07\/Gabinete-articulos-de-limpieza-150x150.jpg 150w, https:\/\/omokamuebles.com\/wp-content\/uploads\/2025\/07\/Gabinete-articulos-de-limpieza-100x100.jpg 100w, https:\/\/omokamuebles.com\/wp-content\/uploads\/2025\/07\/Gabinete-articulos-de-limpieza.jpg 400w\" sizes=\"(max-width: 300px) 100vw, 300px\" \/><h2 class=\"woocommerce-loop-product__title\">Gabinete art\u00edculos de limpieza<\/h2><div class=\"star-rating\" role=\"img\" aria-label=\"Valorado con 5.00 de 5\"><span style=\"width:100%\">Valorado con <strong class=\"rating\">5.00<\/strong> de 5<\/span><\/div>\n<\/a><a href=\"https:\/\/omokamuebles.com\/index.php\/producto\/gabinete-articulos-de-limpieza\/\" aria-describedby=\"woocommerce_loop_add_to_cart_link_describedby_3776\" data-quantity=\"1\" class=\"button product_type_simple\" data-product_id=\"3776\" data-product_sku=\"\" aria-label=\"Lee m\u00e1s sobre &ldquo;Gabinete art\u00edculos de limpieza&rdquo;\" rel=\"nofollow\" data-success_message=\"\">Leer m\u00e1s<\/a>\t<span id=\"woocommerce_loop_add_to_cart_link_describedby_3776\" class=\"screen-reader-text\">\n\t\t\t<\/span>\n<\/li>\n<li class=\"desktop-align-left tablet-align-left mobile-align-left product type-product post-3779 status-publish instock product_cat-almacenamiento product_tag-almacenamiento product_tag-gabinete has-post-thumbnail shipping-taxable product-type-simple\">\n\t<a href=\"https:\/\/omokamuebles.com\/index.php\/producto\/gabinete-con-puertas-de-metal-y-cristal\/\" class=\"woocommerce-LoopProduct-link woocommerce-loop-product__link\"><img decoding=\"async\" width=\"300\" height=\"300\" src=\"https:\/\/omokamuebles.com\/wp-content\/uploads\/2025\/07\/Gabinete-puertas-metalicas-con-cristal-vf-300x300.jpg\" class=\"attachment-woocommerce_thumbnail size-woocommerce_thumbnail\" alt=\"Gabinete combinado de puertas de puertas de metal con vidrio.\" srcset=\"https:\/\/omokamuebles.com\/wp-content\/uploads\/2025\/07\/Gabinete-puertas-metalicas-con-cristal-vf-300x300.jpg 300w, https:\/\/omokamuebles.com\/wp-content\/uploads\/2025\/07\/Gabinete-puertas-metalicas-con-cristal-vf-150x150.jpg 150w, https:\/\/omokamuebles.com\/wp-content\/uploads\/2025\/07\/Gabinete-puertas-metalicas-con-cristal-vf-100x100.jpg 100w, https:\/\/omokamuebles.com\/wp-content\/uploads\/2025\/07\/Gabinete-puertas-metalicas-con-cristal-vf.jpg 400w\" sizes=\"(max-width: 300px) 100vw, 300px\" \/><h2 class=\"woocommerce-loop-product__title\">Gabinete con puertas de metal y cristal<\/h2><div class=\"star-rating\"><span style=\"width:0%\">Valorado con <strong class=\"rating\">0<\/strong> de 5<\/span><\/div>\n<\/a><a href=\"https:\/\/omokamuebles.com\/index.php\/producto\/gabinete-con-puertas-de-metal-y-cristal\/\" aria-describedby=\"woocommerce_loop_add_to_cart_link_describedby_3779\" data-quantity=\"1\" class=\"button product_type_simple\" data-product_id=\"3779\" data-product_sku=\"\" aria-label=\"Lee m\u00e1s sobre &ldquo;Gabinete con puertas de metal y cristal&rdquo;\" rel=\"nofollow\" data-success_message=\"\">Leer m\u00e1s<\/a>\t<span id=\"woocommerce_loop_add_to_cart_link_describedby_3779\" class=\"screen-reader-text\">\n\t\t\t<\/span>\n<\/li>\n<li class=\"desktop-align-left tablet-align-left mobile-align-left product type-product post-2959 status-publish last instock product_cat-almacenamiento product_cat-comercio product_tag-almacenamiento product_tag-entrepano product_tag-exhibidor product_tag-gabinete product_tag-metalicos product_tag-mueble-para-negocio product_tag-muebles-de-comercio product_tag-vitrina has-post-thumbnail shipping-taxable product-type-simple\">\n\t<a href=\"https:\/\/omokamuebles.com\/index.php\/producto\/gabinete-con-puesrtas-de-vidrio\/\" class=\"woocommerce-LoopProduct-link woocommerce-loop-product__link\"><img loading=\"lazy\" decoding=\"async\" width=\"300\" height=\"300\" src=\"https:\/\/omokamuebles.com\/wp-content\/uploads\/2024\/08\/Gabinete-con-puertas-de-vidrio-300x300.jpg\" class=\"attachment-woocommerce_thumbnail size-woocommerce_thumbnail\" alt=\"gabinete con puertas de vidrio\" srcset=\"https:\/\/omokamuebles.com\/wp-content\/uploads\/2024\/08\/Gabinete-con-puertas-de-vidrio-300x300.jpg 300w, https:\/\/omokamuebles.com\/wp-content\/uploads\/2024\/08\/Gabinete-con-puertas-de-vidrio-150x150.jpg 150w, https:\/\/omokamuebles.com\/wp-content\/uploads\/2024\/08\/Gabinete-con-puertas-de-vidrio-100x100.jpg 100w, https:\/\/omokamuebles.com\/wp-content\/uploads\/2024\/08\/Gabinete-con-puertas-de-vidrio.jpg 400w\" sizes=\"(max-width: 300px) 100vw, 300px\" \/><h2 class=\"woocommerce-loop-product__title\">Gabinete con puertas de vidrio<\/h2><div class=\"star-rating\"><span style=\"width:0%\">Valorado con <strong class=\"rating\">0<\/strong> de 5<\/span><\/div>\n<\/a><a href=\"https:\/\/omokamuebles.com\/index.php\/producto\/gabinete-con-puesrtas-de-vidrio\/\" aria-describedby=\"woocommerce_loop_add_to_cart_link_describedby_2959\" data-quantity=\"1\" class=\"button product_type_simple\" data-product_id=\"2959\" data-product_sku=\"\" aria-label=\"Lee m\u00e1s sobre &ldquo;Gabinete con puertas de vidrio&rdquo;\" rel=\"nofollow\" data-success_message=\"\">Leer m\u00e1s<\/a>\t<span id=\"woocommerce_loop_add_to_cart_link_describedby_2959\" class=\"screen-reader-text\">\n\t\t\t<\/span>\n<\/li>\n<li class=\"desktop-align-left tablet-align-left mobile-align-left product type-product post-2963 status-publish first instock product_cat-almacenamiento product_cat-comercio product_tag-almacenamiento product_tag-entrepano product_tag-exhibidor product_tag-gabinete product_tag-metalicos product_tag-mueble-para-negocio product_tag-muebles-de-comercio has-post-thumbnail shipping-taxable product-type-simple\">\n\t<a href=\"https:\/\/omokamuebles.com\/index.php\/producto\/gabinete-para-farmacia\/\" class=\"woocommerce-LoopProduct-link woocommerce-loop-product__link\"><img loading=\"lazy\" decoding=\"async\" width=\"300\" height=\"300\" src=\"https:\/\/omokamuebles.com\/wp-content\/uploads\/2024\/08\/Gabinete-para-farmacia-300x300.jpg\" class=\"attachment-woocommerce_thumbnail size-woocommerce_thumbnail\" alt=\"Gabinete para farmacia\" srcset=\"https:\/\/omokamuebles.com\/wp-content\/uploads\/2024\/08\/Gabinete-para-farmacia-300x300.jpg 300w, https:\/\/omokamuebles.com\/wp-content\/uploads\/2024\/08\/Gabinete-para-farmacia-150x150.jpg 150w, https:\/\/omokamuebles.com\/wp-content\/uploads\/2024\/08\/Gabinete-para-farmacia-100x100.jpg 100w, https:\/\/omokamuebles.com\/wp-content\/uploads\/2024\/08\/Gabinete-para-farmacia.jpg 400w\" sizes=\"(max-width: 300px) 100vw, 300px\" \/><h2 class=\"woocommerce-loop-product__title\">Gabinete para farmacia<\/h2><div class=\"star-rating\"><span style=\"width:0%\">Valorado con <strong class=\"rating\">0<\/strong> de 5<\/span><\/div>\n<\/a><a href=\"https:\/\/omokamuebles.com\/index.php\/producto\/gabinete-para-farmacia\/\" aria-describedby=\"woocommerce_loop_add_to_cart_link_describedby_2963\" data-quantity=\"1\" class=\"button product_type_simple\" data-product_id=\"2963\" data-product_sku=\"\" aria-label=\"Lee m\u00e1s sobre &ldquo;Gabinete para farmacia&rdquo;\" rel=\"nofollow\" data-success_message=\"\">Leer m\u00e1s<\/a>\t<span id=\"woocommerce_loop_add_to_cart_link_describedby_2963\" class=\"screen-reader-text\">\n\t\t\t<\/span>\n<\/li>\n<li class=\"desktop-align-left tablet-align-left mobile-align-left product type-product post-2164 status-publish instock product_cat-almacenamiento product_tag-almacenamiento product_tag-gabinete product_tag-metalicos has-post-thumbnail shipping-taxable product-type-simple\">\n\t<a href=\"https:\/\/omokamuebles.com\/index.php\/producto\/gabinete-universal-reforzado-arena-entrepanos-desmontables\/\" class=\"woocommerce-LoopProduct-link woocommerce-loop-product__link\"><img loading=\"lazy\" decoding=\"async\" width=\"300\" height=\"300\" src=\"https:\/\/omokamuebles.com\/wp-content\/uploads\/2023\/01\/gabinete-300x300.jpg\" class=\"attachment-woocommerce_thumbnail size-woocommerce_thumbnail\" alt=\"gabinete met\u00e1lico\" srcset=\"https:\/\/omokamuebles.com\/wp-content\/uploads\/2023\/01\/gabinete-300x300.jpg 300w, https:\/\/omokamuebles.com\/wp-content\/uploads\/2023\/01\/gabinete-150x150.jpg 150w, https:\/\/omokamuebles.com\/wp-content\/uploads\/2023\/01\/gabinete-100x100.jpg 100w, https:\/\/omokamuebles.com\/wp-content\/uploads\/2023\/01\/gabinete.jpg 400w\" sizes=\"(max-width: 300px) 100vw, 300px\" \/><h2 class=\"woocommerce-loop-product__title\">Gabinete universal reforzado Arena, entrepan\u0303os desmontables<\/h2><div class=\"star-rating\"><span style=\"width:0%\">Valorado con <strong class=\"rating\">0<\/strong> de 5<\/span><\/div>\n<\/a><a href=\"https:\/\/omokamuebles.com\/index.php\/producto\/gabinete-universal-reforzado-arena-entrepanos-desmontables\/\" aria-describedby=\"woocommerce_loop_add_to_cart_link_describedby_2164\" data-quantity=\"1\" class=\"button product_type_simple\" data-product_id=\"2164\" data-product_sku=\"\" aria-label=\"Lee m\u00e1s sobre &ldquo;Gabinete universal reforzado Arena, entrepan\u0303os desmontables&rdquo;\" rel=\"nofollow\" data-success_message=\"\">Leer m\u00e1s<\/a>\t<span id=\"woocommerce_loop_add_to_cart_link_describedby_2164\" class=\"screen-reader-text\">\n\t\t\t<\/span>\n<\/li>\n<\/ul>\n<\/div><\/div>\n\t\t\t\t\t\t<\/div>\n\t\t\t\t<\/div>\n\t\t\t\t\t<\/div>\n\t\t<\/div>\n\t\t\t\t\t<\/div>\n\t\t<\/section>\n\t\t\t\t<\/div>\n\t\t","protected":false},"excerpt":{"rendered":"<p>GABINETES MET\u00c1LICOS En Omoka Muebles, ofrecemos una l\u00ednea especializada de gabinetes met\u00e1licos dise\u00f1ados para brindar soluciones eficientes Y seguras. Cada gabinete est\u00e1 fabricado con l\u00e1mina rolada en fr\u00edo de calibre industrial, lo que garantiza una estructura s\u00f3lida, resistente al uso intensivo y al paso del tiempo.<\/p>\n","protected":false},"author":1,"featured_media":0,"parent":0,"menu_order":0,"comment_status":"closed","ping_status":"closed","template":"","meta":{"site-sidebar-layout":"no-sidebar","site-content-layout":"page-builder","ast-global-header-display":"","ast-main-header-display":"","ast-hfb-above-header-display":"","ast-hfb-below-header-display":"","ast-hfb-mobile-header-display":"","site-post-title":"disabled","ast-breadcrumbs-content":"","ast-featured-img":"disabled","footer-sml-layout":"","theme-transparent-header-meta":"","adv-header-id-meta":"","stick-header-meta":"","header-above-stick-meta":"","header-main-stick-meta":"","header-below-stick-meta":"","_themeisle_gutenberg_block_has_review":false,"_joinchat":[],"footnotes":""},"class_list":["post-3764","page","type-page","status-publish","hentry"],"_links":{"self":[{"href":"https:\/\/omokamuebles.com\/index.php\/wp-json\/wp\/v2\/pages\/3764","targetHints":{"allow":["GET"]}}],"collection":[{"href":"https:\/\/omokamuebles.com\/index.php\/wp-json\/wp\/v2\/pages"}],"about":[{"href":"https:\/\/omokamuebles.com\/index.php\/wp-json\/wp\/v2\/types\/page"}],"author":[{"embeddable":true,"href":"https:\/\/omokamuebles.com\/index.php\/wp-json\/wp\/v2\/users\/1"}],"replies":[{"embeddable":true,"href":"https:\/\/omokamuebles.com\/index.php\/wp-json\/wp\/v2\/comments?post=3764"}],"version-history":[{"count":9,"href":"https:\/\/omokamuebles.com\/index.php\/wp-json\/wp\/v2\/pages\/3764\/revisions"}],"predecessor-version":[{"id":3783,"href":"https:\/\/omokamuebles.com\/index.php\/wp-json\/wp\/v2\/pages\/3764\/revisions\/3783"}],"wp:attachment":[{"href":"https:\/\/omokamuebles.com\/index.php\/wp-json\/wp\/v2\/media?parent=3764"}],"curies":[{"name":"wp","href":"https:\/\/api.w.org\/{rel}","templated":true}]}}