{"id":1961,"date":"2023-01-27T06:58:12","date_gmt":"2023-01-27T06:58:12","guid":{"rendered":"https:\/\/omokamuebles.com\/?post_type=product&#038;p=1961"},"modified":"2023-01-30T02:11:25","modified_gmt":"2023-01-30T02:11:25","slug":"ecochairnegra","status":"publish","type":"product","link":"https:\/\/omokamuebles.com\/index.php\/producto\/ecochairnegra\/","title":{"rendered":"ECOCHAIRNEGRA"},"content":{"rendered":"<p><strong>base:<\/strong>\u00a0estrella de 5 puntas en poliamida con rodajas tipo dual.<br \/>\n<strong>elevaci\u00f3n:<\/strong>\u00a0por medio de pist\u00f3n neum\u00e1tico que permite ajustar la altura del asiento.<br \/>\n<strong>mecanismo:<\/strong>\u00a0plato de acero reforzado con sistema de reclinaci\u00f3n y palanca de bloqueo, perilla de regulaci\u00f3n de tensi\u00f3n para el sistema de reclinaci\u00f3n.<br \/>\n<strong>respaldo:<\/strong>\u00a0en malla de dise\u00f1o ergon\u00f3mico.<br \/>\n<strong>asiento:<\/strong>\u00a0hule espuma laminada flexible con densidad de 24 kgs\/m\u00b3 de alta densidad y alta resilencia; brazos de polipropileno semi-r\u00edgido.<br \/>\n<strong>tapiz:<\/strong>\u00a0malla en color negro y asiento en tela microespacial de color negro.<br \/>\n<strong>peso m\u00e1ximo de resistencia:<\/strong>\u00a090 kgs. Exclusivamente para uso residencial.<\/p>\n","protected":false},"excerpt":{"rendered":"<p>Silla ejecutiva Ecochair negra<\/p>\n","protected":false},"featured_media":1962,"comment_status":"open","ping_status":"closed","template":"","meta":{"site-sidebar-layout":"default","site-content-layout":"default","ast-global-header-display":"","ast-main-header-display":"","ast-hfb-above-header-display":"","ast-hfb-below-header-display":"","ast-hfb-mobile-header-display":"","site-post-title":"","ast-breadcrumbs-content":"","ast-featured-img":"","footer-sml-layout":"","theme-transparent-header-meta":"default","adv-header-id-meta":"","stick-header-meta":"","header-above-stick-meta":"","header-main-stick-meta":"","header-below-stick-meta":"","_themeisle_gutenberg_block_has_review":false,"_joinchat":[]},"product_brand":[],"product_cat":[27],"product_tag":[31,30,34,33],"class_list":{"0":"post-1961","1":"product","2":"type-product","3":"status-publish","4":"has-post-thumbnail","6":"product_cat-silleria","7":"product_tag-silla-de-oficina","8":"product_tag-silla-economica","9":"product_tag-silla-ejecutiva","10":"product_tag-silla-ergonomica","11":"desktop-align-left","12":"tablet-align-left","13":"mobile-align-left","15":"first","16":"instock","17":"shipping-taxable","18":"product-type-simple"},"_links":{"self":[{"href":"https:\/\/omokamuebles.com\/index.php\/wp-json\/wp\/v2\/product\/1961","targetHints":{"allow":["GET"]}}],"collection":[{"href":"https:\/\/omokamuebles.com\/index.php\/wp-json\/wp\/v2\/product"}],"about":[{"href":"https:\/\/omokamuebles.com\/index.php\/wp-json\/wp\/v2\/types\/product"}],"replies":[{"embeddable":true,"href":"https:\/\/omokamuebles.com\/index.php\/wp-json\/wp\/v2\/comments?post=1961"}],"wp:featuredmedia":[{"embeddable":true,"href":"https:\/\/omokamuebles.com\/index.php\/wp-json\/wp\/v2\/media\/1962"}],"wp:attachment":[{"href":"https:\/\/omokamuebles.com\/index.php\/wp-json\/wp\/v2\/media?parent=1961"}],"wp:term":[{"taxonomy":"product_brand","embeddable":true,"href":"https:\/\/omokamuebles.com\/index.php\/wp-json\/wp\/v2\/product_brand?post=1961"},{"taxonomy":"product_cat","embeddable":true,"href":"https:\/\/omokamuebles.com\/index.php\/wp-json\/wp\/v2\/product_cat?post=1961"},{"taxonomy":"product_tag","embeddable":true,"href":"https:\/\/omokamuebles.com\/index.php\/wp-json\/wp\/v2\/product_tag?post=1961"}],"curies":[{"name":"wp","href":"https:\/\/api.w.org\/{rel}","templated":true}]}}