{"id":1986,"date":"2023-01-28T18:35:35","date_gmt":"2023-01-28T18:35:35","guid":{"rendered":"https:\/\/omokamuebles.com\/?post_type=product&#038;p=1986"},"modified":"2023-01-28T18:59:05","modified_gmt":"2023-01-28T18:59:05","slug":"equa","status":"publish","type":"product","link":"https:\/\/omokamuebles.com\/index.php\/producto\/equa\/","title":{"rendered":"Silla ejecutiva equa"},"content":{"rendered":"<p><strong>base:<\/strong>\u00a0estrella de 5 puntas en aluminio fundido y pulido, rodajas tipo dual.<br \/>\n<strong>elevaci\u00f3n:<\/strong>\u00a0por medio de pist\u00f3n neum\u00e1tico que permite ajustar la altura del asiento.<br \/>\n<strong>mecanismo:<\/strong>\u00a0plato de acero reforzado con sistema de reclinaci\u00f3n y palanca de bloqueo, perilla de regulaci\u00f3n de tensi\u00f3n para el sistema de reclinaci\u00f3n.<br \/>\n<strong>brazos:<\/strong>\u00a0de polipropileno semi-r\u00edgido.<br \/>\n<strong>respaldo:<\/strong>\u00a0alto en malla de dise\u00f1o ergon\u00f3mico con cabecera.<br \/>\n<strong>asiento:<\/strong>\u00a0hule espuma laminado flexible con densidad de 60 kgs\/m3 y alta resilencia.<br \/>\n<strong>tapiz:<\/strong>\u00a0respaldo en malla de color gris y asiento tapizado al color de su elecci\u00f3n de toda nuestra colecci\u00f3n de tapices.<br \/>\n<strong>peso m\u00e1ximo de resistencia:<\/strong>\u00a0120 kgs.<\/p>\n","protected":false},"excerpt":{"rendered":"<p>base:\u00a0estrella de 5 puntas en aluminio fundido y pulido, rodajas tipo dual. elevaci\u00f3n:\u00a0por medio de pist\u00f3n neum\u00e1tico que permite ajustar la altura del asiento. mecanismo:\u00a0plato de acero reforzado con sistema de reclinaci\u00f3n y palanca de bloqueo, perilla de regulaci\u00f3n de tensi\u00f3n para el sistema de reclinaci\u00f3n. brazos:\u00a0de polipropileno semi-r\u00edgido. respaldo:\u00a0alto en malla de dise\u00f1o ergon\u00f3mico &hellip;<\/p>\n<p class=\"read-more\"> <a class=\"\" href=\"https:\/\/omokamuebles.com\/index.php\/producto\/equa\/\"> <span class=\"screen-reader-text\">Silla ejecutiva equa<\/span> Leer m\u00e1s &raquo;<\/a><\/p>\n","protected":false},"featured_media":1987,"comment_status":"open","ping_status":"closed","template":"","meta":{"site-sidebar-layout":"default","site-content-layout":"default","ast-global-header-display":"","ast-main-header-display":"","ast-hfb-above-header-display":"","ast-hfb-below-header-display":"","ast-hfb-mobile-header-display":"","site-post-title":"","ast-breadcrumbs-content":"","ast-featured-img":"","footer-sml-layout":"","theme-transparent-header-meta":"default","adv-header-id-meta":"","stick-header-meta":"","header-above-stick-meta":"","header-main-stick-meta":"","header-below-stick-meta":"","_themeisle_gutenberg_block_has_review":false,"_joinchat":[]},"product_brand":[],"product_cat":[27],"product_tag":[31,30,34,33],"class_list":{"0":"post-1986","1":"product","2":"type-product","3":"status-publish","4":"has-post-thumbnail","6":"product_cat-silleria","7":"product_tag-silla-de-oficina","8":"product_tag-silla-economica","9":"product_tag-silla-ejecutiva","10":"product_tag-silla-ergonomica","11":"desktop-align-left","12":"tablet-align-left","13":"mobile-align-left","15":"first","16":"instock","17":"shipping-taxable","18":"product-type-simple"},"_links":{"self":[{"href":"https:\/\/omokamuebles.com\/index.php\/wp-json\/wp\/v2\/product\/1986","targetHints":{"allow":["GET"]}}],"collection":[{"href":"https:\/\/omokamuebles.com\/index.php\/wp-json\/wp\/v2\/product"}],"about":[{"href":"https:\/\/omokamuebles.com\/index.php\/wp-json\/wp\/v2\/types\/product"}],"replies":[{"embeddable":true,"href":"https:\/\/omokamuebles.com\/index.php\/wp-json\/wp\/v2\/comments?post=1986"}],"wp:featuredmedia":[{"embeddable":true,"href":"https:\/\/omokamuebles.com\/index.php\/wp-json\/wp\/v2\/media\/1987"}],"wp:attachment":[{"href":"https:\/\/omokamuebles.com\/index.php\/wp-json\/wp\/v2\/media?parent=1986"}],"wp:term":[{"taxonomy":"product_brand","embeddable":true,"href":"https:\/\/omokamuebles.com\/index.php\/wp-json\/wp\/v2\/product_brand?post=1986"},{"taxonomy":"product_cat","embeddable":true,"href":"https:\/\/omokamuebles.com\/index.php\/wp-json\/wp\/v2\/product_cat?post=1986"},{"taxonomy":"product_tag","embeddable":true,"href":"https:\/\/omokamuebles.com\/index.php\/wp-json\/wp\/v2\/product_tag?post=1986"}],"curies":[{"name":"wp","href":"https:\/\/api.w.org\/{rel}","templated":true}]}}