{"id":2005,"date":"2023-01-28T20:08:55","date_gmt":"2023-01-28T20:08:55","guid":{"rendered":"https:\/\/omokamuebles.com\/?post_type=product&#038;p=2005"},"modified":"2025-07-23T04:07:34","modified_gmt":"2025-07-23T04:07:34","slug":"silla-ejecutiva-h1-mesh","status":"publish","type":"product","link":"https:\/\/omokamuebles.com\/index.php\/producto\/silla-ejecutiva-h1-mesh\/","title":{"rendered":"Silla ejecutiva H1 mesh"},"content":{"rendered":"<ul>\n<li>Sill\u00f3n ejecutivo ergon\u00f3mico de malla de alta calidad.<\/li>\n<li>Construcci\u00f3n para uso 24 horas seg\u00fan norma EN5459.<\/li>\n<li>Mecanismo italiano de posiciones s\u00edncrono.<\/li>\n<li>Asiento deslizable con ajuste retardante al fuego BS5852 nivel 0, 1, y 5.<\/li>\n<li>Cabecera ergon\u00f3mica.<\/li>\n<li>Soporte lumbar trasero ajustable multifuncional.<\/li>\n<li>Descansa brazos ajustables a m\u00faltiples posiciones.<\/li>\n<li>Pist\u00f3n de gas ajustable con normas UV y BIFMA.<\/li>\n<li>Ruedas de alta resistencia de 60 mm de nylon.<\/li>\n<li>Soporta usuarios de hasta 220 kg en pruebas de laboratorio.<\/li>\n<\/ul>\n","protected":false},"excerpt":{"rendered":"<p>Sill\u00f3n ejecutivo ergon\u00f3mico de malla de alta calidad. Construcci\u00f3n para uso 24 horas seg\u00fan norma EN5459. Mecanismo italiano de posiciones s\u00edncrono. Asiento deslizable con ajuste retardante al fuego BS5852 nivel 0, 1, y 5. Cabecera ergon\u00f3mica. Soporte lumbar trasero ajustable multifuncional. Descansa brazos ajustables a m\u00faltiples posiciones. Pist\u00f3n de gas ajustable con normas UV y &hellip;<\/p>\n<p class=\"read-more\"> <a class=\"\" href=\"https:\/\/omokamuebles.com\/index.php\/producto\/silla-ejecutiva-h1-mesh\/\"> <span class=\"screen-reader-text\">Silla ejecutiva H1 mesh<\/span> Leer m\u00e1s &raquo;<\/a><\/p>\n","protected":false},"featured_media":2006,"comment_status":"open","ping_status":"closed","template":"","meta":{"site-sidebar-layout":"default","site-content-layout":"default","ast-global-header-display":"","ast-main-header-display":"","ast-hfb-above-header-display":"","ast-hfb-below-header-display":"","ast-hfb-mobile-header-display":"","site-post-title":"","ast-breadcrumbs-content":"","ast-featured-img":"","footer-sml-layout":"","theme-transparent-header-meta":"default","adv-header-id-meta":"","stick-header-meta":"","header-above-stick-meta":"","header-main-stick-meta":"","header-below-stick-meta":"","_themeisle_gutenberg_block_has_review":false,"_joinchat":[]},"product_brand":[],"product_cat":[27],"product_tag":[31,30,34,33,38,37],"class_list":{"0":"post-2005","1":"product","2":"type-product","3":"status-publish","4":"has-post-thumbnail","6":"product_cat-silleria","7":"product_tag-silla-de-oficina","8":"product_tag-silla-economica","9":"product_tag-silla-ejecutiva","10":"product_tag-silla-ergonomica","11":"product_tag-silla-operativa","12":"product_tag-silla-secretarial","13":"desktop-align-left","14":"tablet-align-left","15":"mobile-align-left","17":"first","18":"instock","19":"shipping-taxable","20":"product-type-simple"},"_links":{"self":[{"href":"https:\/\/omokamuebles.com\/index.php\/wp-json\/wp\/v2\/product\/2005","targetHints":{"allow":["GET"]}}],"collection":[{"href":"https:\/\/omokamuebles.com\/index.php\/wp-json\/wp\/v2\/product"}],"about":[{"href":"https:\/\/omokamuebles.com\/index.php\/wp-json\/wp\/v2\/types\/product"}],"replies":[{"embeddable":true,"href":"https:\/\/omokamuebles.com\/index.php\/wp-json\/wp\/v2\/comments?post=2005"}],"wp:featuredmedia":[{"embeddable":true,"href":"https:\/\/omokamuebles.com\/index.php\/wp-json\/wp\/v2\/media\/2006"}],"wp:attachment":[{"href":"https:\/\/omokamuebles.com\/index.php\/wp-json\/wp\/v2\/media?parent=2005"}],"wp:term":[{"taxonomy":"product_brand","embeddable":true,"href":"https:\/\/omokamuebles.com\/index.php\/wp-json\/wp\/v2\/product_brand?post=2005"},{"taxonomy":"product_cat","embeddable":true,"href":"https:\/\/omokamuebles.com\/index.php\/wp-json\/wp\/v2\/product_cat?post=2005"},{"taxonomy":"product_tag","embeddable":true,"href":"https:\/\/omokamuebles.com\/index.php\/wp-json\/wp\/v2\/product_tag?post=2005"}],"curies":[{"name":"wp","href":"https:\/\/api.w.org\/{rel}","templated":true}]}}