{"id":2029,"date":"2023-01-29T02:42:07","date_gmt":"2023-01-29T02:42:07","guid":{"rendered":"https:\/\/omokamuebles.com\/?post_type=product&#038;p=2029"},"modified":"2023-02-01T15:03:17","modified_gmt":"2023-02-01T15:03:17","slug":"modulo-operativo-milan","status":"publish","type":"product","link":"https:\/\/omokamuebles.com\/index.php\/producto\/modulo-operativo-milan\/","title":{"rendered":"Escritorio en L con Archivero Arezzo"},"content":{"rendered":"<ul>\n<li>Escritorio fabricado en tablero de part\u00edculas de madera est\u00e1ndar de 19 mm.<\/li>\n<li>Archivero de tablero y frentes de part\u00edculas de madera est\u00e1ndar de 19 mm.<\/li>\n<li>Frontal de tableros de part\u00edculas de madera est\u00e1ndar de 12 mm, con densidad equivalente al MDP, resistente a impactos de 10 Newt\/cm2.<\/li>\n<li>Resistente a la abrasi\u00f3n de 250 CLS.<\/li>\n<li>Recubrimiento por ambas caras con papel decorativo saturado con resinas melaminicas.<\/li>\n<li>Laminado en baja presi\u00f3n termofusionado al tablero, acabado texturizado bajo los est\u00e1ndares de inspecci\u00f3n continua (MCIE).<\/li>\n<li>Terminados con cubre cantos de PVC 1 mm semirrigido de alta presi\u00f3n, acabado laqueado.<\/li>\n<li>Base de estructura en acero tubular de 2 x2 pilgadas calibre 20.<\/li>\n<li>Travesa\u00f1os de estructura tubular 1 3\/4\u2033 y 3\/4\u2033 calibre 20.<\/li>\n<li>Jaladera laminada en acero calibre 22.<\/li>\n<li>Terminada con pintura ep\u00f3xica texturizada con aplicaci\u00f3n de power coating.<\/li>\n<li>Archivero cuenta con chapa de seguridad, cajones estructurales met\u00e1licos de acero calibre 22.<\/li>\n<li>Regat\u00f3n nivelador 100% polipropyleno y acero Cold Rolled.<\/li>\n<li>Sistema de correderas de extracci\u00f3n simple.<\/li>\n<li>Sistema de ensamble sin requerimiento de herramientas basado en un dispositivo de uni\u00f3n autosujetable que permite un ensamble f\u00e1cil y resistente que cumple con pruebas para armado y desarmado sin perder estabilidad.<\/li>\n<\/ul>\n<p><strong>Dimensiones generales\u00a0<\/strong><\/p>\n<ul>\n<li>Configuraci\u00f3n en L: Alto 75 cm, Ancho 150 cm, Profundidad 150 cm<\/li>\n<\/ul>\n","protected":false},"excerpt":{"rendered":"<p>Escritorio fabricado en tablero de part\u00edculas de madera est\u00e1ndar de 19 mm. Archivero de tablero y frentes de part\u00edculas de madera est\u00e1ndar de 19 mm. Frontal de tableros de part\u00edculas de madera est\u00e1ndar de 12 mm, con densidad equivalente al MDP, resistente a impactos de 10 Newt\/cm2. Resistente a la abrasi\u00f3n de 250 CLS. Recubrimiento &hellip;<\/p>\n<p class=\"read-more\"> <a class=\"\" href=\"https:\/\/omokamuebles.com\/index.php\/producto\/modulo-operativo-milan\/\"> <span class=\"screen-reader-text\">Escritorio en L con Archivero Arezzo<\/span> Leer m\u00e1s &raquo;<\/a><\/p>\n","protected":false},"featured_media":2030,"comment_status":"open","ping_status":"closed","template":"","meta":{"site-sidebar-layout":"default","site-content-layout":"default","ast-global-header-display":"","ast-main-header-display":"","ast-hfb-above-header-display":"","ast-hfb-below-header-display":"","ast-hfb-mobile-header-display":"","site-post-title":"","ast-breadcrumbs-content":"","ast-featured-img":"","footer-sml-layout":"","theme-transparent-header-meta":"default","adv-header-id-meta":"","stick-header-meta":"","header-above-stick-meta":"","header-main-stick-meta":"","header-below-stick-meta":"","_themeisle_gutenberg_block_has_review":false,"_joinchat":[]},"product_brand":[],"product_cat":[28],"product_tag":[44,40,42,43,41],"class_list":{"0":"post-2029","1":"product","2":"type-product","3":"status-publish","4":"has-post-thumbnail","6":"product_cat-muebles","7":"product_tag-conjuntos","8":"product_tag-escritorio","9":"product_tag-escritorios","10":"product_tag-modulo","11":"product_tag-muebles-de-oficina","12":"desktop-align-left","13":"tablet-align-left","14":"mobile-align-left","16":"first","17":"instock","18":"shipping-taxable","19":"product-type-simple"},"_links":{"self":[{"href":"https:\/\/omokamuebles.com\/index.php\/wp-json\/wp\/v2\/product\/2029","targetHints":{"allow":["GET"]}}],"collection":[{"href":"https:\/\/omokamuebles.com\/index.php\/wp-json\/wp\/v2\/product"}],"about":[{"href":"https:\/\/omokamuebles.com\/index.php\/wp-json\/wp\/v2\/types\/product"}],"replies":[{"embeddable":true,"href":"https:\/\/omokamuebles.com\/index.php\/wp-json\/wp\/v2\/comments?post=2029"}],"wp:featuredmedia":[{"embeddable":true,"href":"https:\/\/omokamuebles.com\/index.php\/wp-json\/wp\/v2\/media\/2030"}],"wp:attachment":[{"href":"https:\/\/omokamuebles.com\/index.php\/wp-json\/wp\/v2\/media?parent=2029"}],"wp:term":[{"taxonomy":"product_brand","embeddable":true,"href":"https:\/\/omokamuebles.com\/index.php\/wp-json\/wp\/v2\/product_brand?post=2029"},{"taxonomy":"product_cat","embeddable":true,"href":"https:\/\/omokamuebles.com\/index.php\/wp-json\/wp\/v2\/product_cat?post=2029"},{"taxonomy":"product_tag","embeddable":true,"href":"https:\/\/omokamuebles.com\/index.php\/wp-json\/wp\/v2\/product_tag?post=2029"}],"curies":[{"name":"wp","href":"https:\/\/api.w.org\/{rel}","templated":true}]}}