{"id":2041,"date":"2023-01-29T08:47:24","date_gmt":"2023-01-29T08:47:24","guid":{"rendered":"https:\/\/omokamuebles.com\/?post_type=product&#038;p=2041"},"modified":"2026-03-25T10:34:54","modified_gmt":"2026-03-25T10:34:54","slug":"conjunto-ejecutivo-filo","status":"publish","type":"product","link":"https:\/\/omokamuebles.com\/index.php\/producto\/conjunto-ejecutivo-filo\/","title":{"rendered":"Conjunto ejecutivo Filo"},"content":{"rendered":"<ul>\n<li class=\"p1\">Cubiertas fabricadas en panel s\u00f3lido de MDF de 28 mm. de espesor.<\/li>\n<li class=\"p1\">Canto daga.<\/li>\n<li class=\"p1\">Estructura fabricada en panel s\u00f3lido de madera industrializada de 28 mm.<\/li>\n<li class=\"p1\">y 16 mm. de espesor.<\/li>\n<li class=\"p1\">Fald\u00f3n met\u00e1lico disponible.<\/li>\n<li class=\"p1\">Puertas de aluminio con cristal en acabado frosted.<\/li>\n<\/ul>\n<p>&nbsp;<\/p>\n<p>Elementos que contiene:<\/p>\n<ul>\n<li>1 Escritorio curvo<\/li>\n<li>1 Lateral conector<\/li>\n<li>Mesa credenza<\/li>\n<li>Pedestal 2P y 1A<\/li>\n<li>Librero sobre credenza<\/li>\n<li>Kit de puertas para librero (vidrio)<\/li>\n<\/ul>\n<p>Dimensiones generales:<\/p>\n<ul>\n<li>Ancho 183 cm<\/li>\n<li>Profundidad 272 cm<\/li>\n<\/ul>\n","protected":false},"excerpt":{"rendered":"<p>Cubiertas fabricadas en panel s\u00f3lido de MDF de 28 mm. de espesor. Canto daga. Estructura fabricada en panel s\u00f3lido de madera industrializada de 28 mm. y 16 mm. de espesor. Fald\u00f3n met\u00e1lico disponible. Puertas de aluminio con cristal en acabado frosted. &nbsp; Elementos que contiene: 1 Escritorio curvo 1 Lateral conector Mesa credenza Pedestal 2P &hellip;<\/p>\n<p class=\"read-more\"> <a class=\"\" href=\"https:\/\/omokamuebles.com\/index.php\/producto\/conjunto-ejecutivo-filo\/\"> <span class=\"screen-reader-text\">Conjunto ejecutivo Filo<\/span> Leer m\u00e1s &raquo;<\/a><\/p>\n","protected":false},"featured_media":2042,"comment_status":"open","ping_status":"closed","template":"","meta":{"site-sidebar-layout":"default","site-content-layout":"default","ast-global-header-display":"","ast-main-header-display":"","ast-hfb-above-header-display":"","ast-hfb-below-header-display":"","ast-hfb-mobile-header-display":"","site-post-title":"","ast-breadcrumbs-content":"","ast-featured-img":"","footer-sml-layout":"","theme-transparent-header-meta":"default","adv-header-id-meta":"","stick-header-meta":"","header-above-stick-meta":"","header-main-stick-meta":"","header-below-stick-meta":"","_themeisle_gutenberg_block_has_review":false,"_joinchat":[]},"product_brand":[],"product_cat":[28],"product_tag":[44,47,40,42,45,41],"class_list":{"0":"post-2041","1":"product","2":"type-product","3":"status-publish","4":"has-post-thumbnail","6":"product_cat-muebles","7":"product_tag-conjuntos","8":"product_tag-conjuntos-ejecutivos","9":"product_tag-escritorio","10":"product_tag-escritorios","11":"product_tag-escritorios-ejecutivos","12":"product_tag-muebles-de-oficina","13":"desktop-align-left","14":"tablet-align-left","15":"mobile-align-left","17":"first","18":"instock","19":"featured","20":"shipping-taxable","21":"product-type-simple"},"_links":{"self":[{"href":"https:\/\/omokamuebles.com\/index.php\/wp-json\/wp\/v2\/product\/2041","targetHints":{"allow":["GET"]}}],"collection":[{"href":"https:\/\/omokamuebles.com\/index.php\/wp-json\/wp\/v2\/product"}],"about":[{"href":"https:\/\/omokamuebles.com\/index.php\/wp-json\/wp\/v2\/types\/product"}],"replies":[{"embeddable":true,"href":"https:\/\/omokamuebles.com\/index.php\/wp-json\/wp\/v2\/comments?post=2041"}],"wp:featuredmedia":[{"embeddable":true,"href":"https:\/\/omokamuebles.com\/index.php\/wp-json\/wp\/v2\/media\/2042"}],"wp:attachment":[{"href":"https:\/\/omokamuebles.com\/index.php\/wp-json\/wp\/v2\/media?parent=2041"}],"wp:term":[{"taxonomy":"product_brand","embeddable":true,"href":"https:\/\/omokamuebles.com\/index.php\/wp-json\/wp\/v2\/product_brand?post=2041"},{"taxonomy":"product_cat","embeddable":true,"href":"https:\/\/omokamuebles.com\/index.php\/wp-json\/wp\/v2\/product_cat?post=2041"},{"taxonomy":"product_tag","embeddable":true,"href":"https:\/\/omokamuebles.com\/index.php\/wp-json\/wp\/v2\/product_tag?post=2041"}],"curies":[{"name":"wp","href":"https:\/\/api.w.org\/{rel}","templated":true}]}}