{"id":2043,"date":"2023-01-29T09:05:00","date_gmt":"2023-01-29T09:05:00","guid":{"rendered":"https:\/\/omokamuebles.com\/?post_type=product&#038;p=2043"},"modified":"2026-03-25T10:36:16","modified_gmt":"2026-03-25T10:36:16","slug":"mesa-de-juntas-enzzo-21810-10-personas-cenizo","status":"publish","type":"product","link":"https:\/\/omokamuebles.com\/index.php\/producto\/mesa-de-juntas-enzzo-21810-10-personas-cenizo\/","title":{"rendered":"Mesa de Juntas Enzzo 21810 (10 personas) Cenizo"},"content":{"rendered":"<p>Cubiertas en tablero de part\u00edculas de madera est\u00e1ndar de 19 mm con densidad equivalente al MDP. Laminado en baja presi\u00f3n termifusionada al tablero con acabado texturizado. Recubrimiento por ambas caras. Cantos protegidos con chapacinta de pvc de 1mm de espesor semi riguido. Pintura ep?xica texturizada con aplicaci?n de power coating color gris. Base de estructura tubular de acero 2\u00d71 in calibre 20. Regat\u00f3n nivelador de polypropileno y tapones protectores exteriores para la estructura met\u00e1lica. Sistema de ensamble sin requerimiento de herramientas, basado en un sistema de uni?n autosujetable para un ensamble f?cil y resistente.<\/p>\n<p><strong>Dimensiones Generales:<\/strong><\/p>\n<ul>\n<li>Ancho: 345 cm<\/li>\n<li>Profundidad: 147 cm<\/li>\n<li>Altura: 75 cm<\/li>\n<\/ul>\n","protected":false},"excerpt":{"rendered":"<p>Cubiertas en tablero de part\u00edculas de madera est\u00e1ndar de 19 mm con densidad equivalente al MDP. Laminado en baja presi\u00f3n termifusionada al tablero con acabado texturizado. Recubrimiento por ambas caras. Cantos protegidos con chapacinta de pvc de 1mm de espesor semi riguido. Pintura ep?xica texturizada con aplicaci?n de power coating color gris. Base de estructura &hellip;<\/p>\n<p class=\"read-more\"> <a class=\"\" href=\"https:\/\/omokamuebles.com\/index.php\/producto\/mesa-de-juntas-enzzo-21810-10-personas-cenizo\/\"> <span class=\"screen-reader-text\">Mesa de Juntas Enzzo 21810 (10 personas) Cenizo<\/span> Leer m\u00e1s &raquo;<\/a><\/p>\n","protected":false},"featured_media":2044,"comment_status":"open","ping_status":"closed","template":"","meta":{"site-sidebar-layout":"default","site-content-layout":"default","ast-global-header-display":"","ast-main-header-display":"","ast-hfb-above-header-display":"","ast-hfb-below-header-display":"","ast-hfb-mobile-header-display":"","site-post-title":"","ast-breadcrumbs-content":"","ast-featured-img":"","footer-sml-layout":"","theme-transparent-header-meta":"default","adv-header-id-meta":"","stick-header-meta":"","header-above-stick-meta":"","header-main-stick-meta":"","header-below-stick-meta":"","_themeisle_gutenberg_block_has_review":false,"_joinchat":[]},"product_brand":[],"product_cat":[28],"product_tag":[48,41],"class_list":{"0":"post-2043","1":"product","2":"type-product","3":"status-publish","4":"has-post-thumbnail","6":"product_cat-muebles","7":"product_tag-mesa-de-juntas","8":"product_tag-muebles-de-oficina","9":"desktop-align-left","10":"tablet-align-left","11":"mobile-align-left","13":"first","14":"instock","15":"featured","16":"shipping-taxable","17":"product-type-simple"},"_links":{"self":[{"href":"https:\/\/omokamuebles.com\/index.php\/wp-json\/wp\/v2\/product\/2043","targetHints":{"allow":["GET"]}}],"collection":[{"href":"https:\/\/omokamuebles.com\/index.php\/wp-json\/wp\/v2\/product"}],"about":[{"href":"https:\/\/omokamuebles.com\/index.php\/wp-json\/wp\/v2\/types\/product"}],"replies":[{"embeddable":true,"href":"https:\/\/omokamuebles.com\/index.php\/wp-json\/wp\/v2\/comments?post=2043"}],"wp:featuredmedia":[{"embeddable":true,"href":"https:\/\/omokamuebles.com\/index.php\/wp-json\/wp\/v2\/media\/2044"}],"wp:attachment":[{"href":"https:\/\/omokamuebles.com\/index.php\/wp-json\/wp\/v2\/media?parent=2043"}],"wp:term":[{"taxonomy":"product_brand","embeddable":true,"href":"https:\/\/omokamuebles.com\/index.php\/wp-json\/wp\/v2\/product_brand?post=2043"},{"taxonomy":"product_cat","embeddable":true,"href":"https:\/\/omokamuebles.com\/index.php\/wp-json\/wp\/v2\/product_cat?post=2043"},{"taxonomy":"product_tag","embeddable":true,"href":"https:\/\/omokamuebles.com\/index.php\/wp-json\/wp\/v2\/product_tag?post=2043"}],"curies":[{"name":"wp","href":"https:\/\/api.w.org\/{rel}","templated":true}]}}