{"id":2138,"date":"2023-01-30T03:41:23","date_gmt":"2023-01-30T03:41:23","guid":{"rendered":"https:\/\/omokamuebles.com\/?post_type=product&#038;p=2138"},"modified":"2023-01-30T03:41:23","modified_gmt":"2023-01-30T03:41:23","slug":"gondola-de-pared","status":"publish","type":"product","link":"https:\/\/omokamuebles.com\/index.php\/producto\/gondola-de-pared\/","title":{"rendered":"Gondola de pared"},"content":{"rendered":"<p>Postes fabricados en lamina calibre 14. Cuenta con entrepa\u00f1os ajustables en figura de \u00e1rbol. Entrepa\u00f1os de lamina calibre 24. porta precios opcional. Terminado en pintura horneada<\/p>\n<p>Medidas:<\/p>\n<p>120 x 55 x 150<\/p>\n<p>120 x 55 x 180<\/p>\n","protected":false},"excerpt":{"rendered":"<p>Postes fabricados en lamina calibre 14. Cuenta con entrepa\u00f1os ajustables en figura de \u00e1rbol. Entrepa\u00f1os de lamina calibre 24. porta precios opcional. Terminado en pintura horneada Medidas: 120 x 55 x 150 120 x 55 x 180<\/p>\n","protected":false},"featured_media":2139,"comment_status":"open","ping_status":"closed","template":"","meta":{"site-sidebar-layout":"default","site-content-layout":"default","ast-global-header-display":"","ast-main-header-display":"","ast-hfb-above-header-display":"","ast-hfb-below-header-display":"","ast-hfb-mobile-header-display":"","site-post-title":"","ast-breadcrumbs-content":"","ast-featured-img":"","footer-sml-layout":"","theme-transparent-header-meta":"default","adv-header-id-meta":"","stick-header-meta":"","header-above-stick-meta":"","header-main-stick-meta":"","header-below-stick-meta":"","_themeisle_gutenberg_block_has_review":false,"_joinchat":[]},"product_brand":[],"product_cat":[58],"product_tag":[61,59,62],"class_list":{"0":"post-2138","1":"product","2":"type-product","3":"status-publish","4":"has-post-thumbnail","6":"product_cat-comercio","7":"product_tag-comercio","8":"product_tag-gondola","9":"product_tag-gondola-de-pared","10":"desktop-align-left","11":"tablet-align-left","12":"mobile-align-left","14":"first","15":"instock","16":"shipping-taxable","17":"product-type-simple"},"_links":{"self":[{"href":"https:\/\/omokamuebles.com\/index.php\/wp-json\/wp\/v2\/product\/2138","targetHints":{"allow":["GET"]}}],"collection":[{"href":"https:\/\/omokamuebles.com\/index.php\/wp-json\/wp\/v2\/product"}],"about":[{"href":"https:\/\/omokamuebles.com\/index.php\/wp-json\/wp\/v2\/types\/product"}],"replies":[{"embeddable":true,"href":"https:\/\/omokamuebles.com\/index.php\/wp-json\/wp\/v2\/comments?post=2138"}],"wp:featuredmedia":[{"embeddable":true,"href":"https:\/\/omokamuebles.com\/index.php\/wp-json\/wp\/v2\/media\/2139"}],"wp:attachment":[{"href":"https:\/\/omokamuebles.com\/index.php\/wp-json\/wp\/v2\/media?parent=2138"}],"wp:term":[{"taxonomy":"product_brand","embeddable":true,"href":"https:\/\/omokamuebles.com\/index.php\/wp-json\/wp\/v2\/product_brand?post=2138"},{"taxonomy":"product_cat","embeddable":true,"href":"https:\/\/omokamuebles.com\/index.php\/wp-json\/wp\/v2\/product_cat?post=2138"},{"taxonomy":"product_tag","embeddable":true,"href":"https:\/\/omokamuebles.com\/index.php\/wp-json\/wp\/v2\/product_tag?post=2138"}],"curies":[{"name":"wp","href":"https:\/\/api.w.org\/{rel}","templated":true}]}}