{"id":2142,"date":"2023-01-30T04:12:43","date_gmt":"2023-01-30T04:12:43","guid":{"rendered":"https:\/\/omokamuebles.com\/?post_type=product&#038;p=2142"},"modified":"2023-01-30T04:12:43","modified_gmt":"2023-01-30T04:12:43","slug":"gondola-librero-de-centro","status":"publish","type":"product","link":"https:\/\/omokamuebles.com\/index.php\/producto\/gondola-librero-de-centro\/","title":{"rendered":"Gondola librero de centro"},"content":{"rendered":"<p>Postes fabricados en l\u00e1mina calibre 14. Entrepa\u00f1os de l\u00e1mina calibre 24 y m\u00e9nsulas calibre 14. Entrepa\u00f1os reforzados. Cada entrepa\u00f1o cuenta con laterales altos para detener los libros. Incluye un entrepa\u00f1o techo cubre polvo.<\/p>\n<div class=\"et_pb_module et_pb_text et_pb_text_5  et_pb_text_align_left et_pb_bg_layout_light\">\n<div class=\"et_pb_text_inner\">\n<p>Medidas:<\/p>\n<\/div>\n<\/div>\n<div class=\"et_pb_module et_pb_text et_pb_text_6  et_pb_text_align_left et_pb_bg_layout_light\">\n<div class=\"et_pb_text_inner\">\n<p>90 x 65 x 220<\/p>\n<\/div>\n<\/div>\n","protected":false},"excerpt":{"rendered":"<p>Postes fabricados en l\u00e1mina calibre 14. Entrepa\u00f1os de l\u00e1mina calibre 24 y m\u00e9nsulas calibre 14. Entrepa\u00f1os reforzados. Cada entrepa\u00f1o cuenta con laterales altos para detener los libros. Incluye un entrepa\u00f1o techo cubre polvo. Medidas: 90 x 65 x 220<\/p>\n","protected":false},"featured_media":2143,"comment_status":"open","ping_status":"closed","template":"","meta":{"site-sidebar-layout":"default","site-content-layout":"default","ast-global-header-display":"","ast-main-header-display":"","ast-hfb-above-header-display":"","ast-hfb-below-header-display":"","ast-hfb-mobile-header-display":"","site-post-title":"","ast-breadcrumbs-content":"","ast-featured-img":"","footer-sml-layout":"","theme-transparent-header-meta":"default","adv-header-id-meta":"","stick-header-meta":"","header-above-stick-meta":"","header-main-stick-meta":"","header-below-stick-meta":"","_themeisle_gutenberg_block_has_review":false,"_joinchat":[]},"product_brand":[],"product_cat":[58],"product_tag":[61,59,63],"class_list":{"0":"post-2142","1":"product","2":"type-product","3":"status-publish","4":"has-post-thumbnail","6":"product_cat-comercio","7":"product_tag-comercio","8":"product_tag-gondola","9":"product_tag-gondola-librero","10":"desktop-align-left","11":"tablet-align-left","12":"mobile-align-left","14":"first","15":"instock","16":"shipping-taxable","17":"product-type-simple"},"_links":{"self":[{"href":"https:\/\/omokamuebles.com\/index.php\/wp-json\/wp\/v2\/product\/2142","targetHints":{"allow":["GET"]}}],"collection":[{"href":"https:\/\/omokamuebles.com\/index.php\/wp-json\/wp\/v2\/product"}],"about":[{"href":"https:\/\/omokamuebles.com\/index.php\/wp-json\/wp\/v2\/types\/product"}],"replies":[{"embeddable":true,"href":"https:\/\/omokamuebles.com\/index.php\/wp-json\/wp\/v2\/comments?post=2142"}],"wp:featuredmedia":[{"embeddable":true,"href":"https:\/\/omokamuebles.com\/index.php\/wp-json\/wp\/v2\/media\/2143"}],"wp:attachment":[{"href":"https:\/\/omokamuebles.com\/index.php\/wp-json\/wp\/v2\/media?parent=2142"}],"wp:term":[{"taxonomy":"product_brand","embeddable":true,"href":"https:\/\/omokamuebles.com\/index.php\/wp-json\/wp\/v2\/product_brand?post=2142"},{"taxonomy":"product_cat","embeddable":true,"href":"https:\/\/omokamuebles.com\/index.php\/wp-json\/wp\/v2\/product_cat?post=2142"},{"taxonomy":"product_tag","embeddable":true,"href":"https:\/\/omokamuebles.com\/index.php\/wp-json\/wp\/v2\/product_tag?post=2142"}],"curies":[{"name":"wp","href":"https:\/\/api.w.org\/{rel}","templated":true}]}}