{"id":2145,"date":"2023-01-30T04:38:39","date_gmt":"2023-01-30T04:38:39","guid":{"rendered":"https:\/\/omokamuebles.com\/?post_type=product&#038;p=2145"},"modified":"2023-01-30T04:45:26","modified_gmt":"2023-01-30T04:45:26","slug":"vitrina-cajonera-de-metal","status":"publish","type":"product","link":"https:\/\/omokamuebles.com\/index.php\/producto\/vitrina-cajonera-de-metal\/","title":{"rendered":"Vitrina cajonera de metal"},"content":{"rendered":"<div class=\"et_pb_module et_pb_text et_pb_text_1 et_pb_text_align_left et_pb_bg_layout_light\">\n<div class=\"et_pb_text_inner\">\n<p>Descripci\u00f3n:<\/p>\n<\/div>\n<\/div>\n<div class=\"et_pb_module et_pb_text et_pb_text_2 et_pb_text_align_left et_pb_bg_layout_light\">\n<div class=\"et_pb_text_inner\">\n<p>Perfecto para organizar art\u00edculos de menor tama\u00f1o. fabricado en lamina calibre 24. cada caj\u00f3n con cristal al frente. Diferentes tama\u00f1os, con 24, 32 y 40 cajones. Terminado en pintura horneada<\/p>\n<p>113 x 50 x92<br \/>\n150 x 50 x92<br \/>\n180 x 50 x92<br \/>\n222x 50 x92<\/p>\n<\/div>\n<\/div>\n","protected":false},"excerpt":{"rendered":"<p>Descripci\u00f3n: Perfecto para organizar art\u00edculos de menor tama\u00f1o. fabricado en lamina calibre 24. cada caj\u00f3n con cristal al frente. Diferentes tama\u00f1os, con 24, 32 y 40 cajones. Terminado en pintura horneada 113 x 50 x92 150 x 50 x92 180 x 50 x92 222x 50 x92<\/p>\n","protected":false},"featured_media":2146,"comment_status":"open","ping_status":"closed","template":"","meta":{"site-sidebar-layout":"default","site-content-layout":"default","ast-global-header-display":"","ast-main-header-display":"","ast-hfb-above-header-display":"","ast-hfb-below-header-display":"","ast-hfb-mobile-header-display":"","site-post-title":"","ast-breadcrumbs-content":"","ast-featured-img":"","footer-sml-layout":"","theme-transparent-header-meta":"default","adv-header-id-meta":"","stick-header-meta":"","header-above-stick-meta":"","header-main-stick-meta":"","header-below-stick-meta":"","_themeisle_gutenberg_block_has_review":false,"_joinchat":[]},"product_brand":[],"product_cat":[58],"product_tag":[61,64],"class_list":{"0":"post-2145","1":"product","2":"type-product","3":"status-publish","4":"has-post-thumbnail","6":"product_cat-comercio","7":"product_tag-comercio","8":"product_tag-vitrina","9":"desktop-align-left","10":"tablet-align-left","11":"mobile-align-left","13":"first","14":"instock","15":"shipping-taxable","16":"product-type-simple"},"_links":{"self":[{"href":"https:\/\/omokamuebles.com\/index.php\/wp-json\/wp\/v2\/product\/2145","targetHints":{"allow":["GET"]}}],"collection":[{"href":"https:\/\/omokamuebles.com\/index.php\/wp-json\/wp\/v2\/product"}],"about":[{"href":"https:\/\/omokamuebles.com\/index.php\/wp-json\/wp\/v2\/types\/product"}],"replies":[{"embeddable":true,"href":"https:\/\/omokamuebles.com\/index.php\/wp-json\/wp\/v2\/comments?post=2145"}],"wp:featuredmedia":[{"embeddable":true,"href":"https:\/\/omokamuebles.com\/index.php\/wp-json\/wp\/v2\/media\/2146"}],"wp:attachment":[{"href":"https:\/\/omokamuebles.com\/index.php\/wp-json\/wp\/v2\/media?parent=2145"}],"wp:term":[{"taxonomy":"product_brand","embeddable":true,"href":"https:\/\/omokamuebles.com\/index.php\/wp-json\/wp\/v2\/product_brand?post=2145"},{"taxonomy":"product_cat","embeddable":true,"href":"https:\/\/omokamuebles.com\/index.php\/wp-json\/wp\/v2\/product_cat?post=2145"},{"taxonomy":"product_tag","embeddable":true,"href":"https:\/\/omokamuebles.com\/index.php\/wp-json\/wp\/v2\/product_tag?post=2145"}],"curies":[{"name":"wp","href":"https:\/\/api.w.org\/{rel}","templated":true}]}}