{"id":2156,"date":"2023-01-30T06:11:30","date_gmt":"2023-01-30T06:11:30","guid":{"rendered":"https:\/\/omokamuebles.com\/?post_type=product&#038;p=2156"},"modified":"2023-01-30T06:18:48","modified_gmt":"2023-01-30T06:18:48","slug":"locker-estandar-de-1-puerta-180-x-38-x-45-gris","status":"publish","type":"product","link":"https:\/\/omokamuebles.com\/index.php\/producto\/locker-estandar-de-1-puerta-180-x-38-x-45-gris\/","title":{"rendered":"Locker Est\u00e1ndar de 1 puerta 180 x 38 x 45 Gris"},"content":{"rendered":"<p>El locker con 1 puerta es ideal para personal que guarda ropa, instrumentos u objetos largos (bates, raquetas, tripies y m\u00e1s). Estos tienen un entrepa\u00f1o en la parte alta para objetos peque\u00f1os. Todos nuestros dise\u00f1os se encuentran disponibles desde 1 hasta 5 puertas, en color negro, arena y gris de l\u00ednea con rejillas horizontales que permite la circulaci\u00f3n del aire.<\/p>\n<p>Soporte de entrepa\u00f1os hasta\u00a050kg<\/p>\n<p><strong>Dimensiones Generales:<\/strong><\/p>\n<ul>\n<li>Ancho: 38 cm<\/li>\n<li>Profundidad: 45 cm<\/li>\n<li>Altura: 180 cm<\/li>\n<\/ul>\n<p><strong>Medida Puerta:<\/strong>\u00a032 x 174 cm<\/p>\n","protected":false},"excerpt":{"rendered":"<p>El locker con 1 puerta es ideal para personal que guarda ropa, instrumentos u objetos largos (bates, raquetas, tripies y m\u00e1s). Estos tienen un entrepa\u00f1o en la parte alta para objetos peque\u00f1os. Todos nuestros dise\u00f1os se encuentran disponibles desde 1 hasta 5 puertas, en color negro, arena y gris de l\u00ednea con rejillas horizontales que &hellip;<\/p>\n<p class=\"read-more\"> <a class=\"\" href=\"https:\/\/omokamuebles.com\/index.php\/producto\/locker-estandar-de-1-puerta-180-x-38-x-45-gris\/\"> <span class=\"screen-reader-text\">Locker Est\u00e1ndar de 1 puerta 180 x 38 x 45 Gris<\/span> Leer m\u00e1s &raquo;<\/a><\/p>\n","protected":false},"featured_media":2157,"comment_status":"open","ping_status":"closed","template":"","meta":{"site-sidebar-layout":"default","site-content-layout":"default","ast-global-header-display":"","ast-main-header-display":"","ast-hfb-above-header-display":"","ast-hfb-below-header-display":"","ast-hfb-mobile-header-display":"","site-post-title":"","ast-breadcrumbs-content":"","ast-featured-img":"","footer-sml-layout":"","theme-transparent-header-meta":"default","adv-header-id-meta":"","stick-header-meta":"","header-above-stick-meta":"","header-main-stick-meta":"","header-below-stick-meta":"","_themeisle_gutenberg_block_has_review":false,"_joinchat":[]},"product_brand":[],"product_cat":[39],"product_tag":[67,71,72,68],"class_list":{"0":"post-2156","1":"product","2":"type-product","3":"status-publish","4":"has-post-thumbnail","6":"product_cat-almacenamiento","7":"product_tag-almacenamiento","8":"product_tag-locker","9":"product_tag-lockers","10":"product_tag-metalicos","11":"desktop-align-left","12":"tablet-align-left","13":"mobile-align-left","15":"first","16":"instock","17":"shipping-taxable","18":"product-type-simple"},"_links":{"self":[{"href":"https:\/\/omokamuebles.com\/index.php\/wp-json\/wp\/v2\/product\/2156","targetHints":{"allow":["GET"]}}],"collection":[{"href":"https:\/\/omokamuebles.com\/index.php\/wp-json\/wp\/v2\/product"}],"about":[{"href":"https:\/\/omokamuebles.com\/index.php\/wp-json\/wp\/v2\/types\/product"}],"replies":[{"embeddable":true,"href":"https:\/\/omokamuebles.com\/index.php\/wp-json\/wp\/v2\/comments?post=2156"}],"wp:featuredmedia":[{"embeddable":true,"href":"https:\/\/omokamuebles.com\/index.php\/wp-json\/wp\/v2\/media\/2157"}],"wp:attachment":[{"href":"https:\/\/omokamuebles.com\/index.php\/wp-json\/wp\/v2\/media?parent=2156"}],"wp:term":[{"taxonomy":"product_brand","embeddable":true,"href":"https:\/\/omokamuebles.com\/index.php\/wp-json\/wp\/v2\/product_brand?post=2156"},{"taxonomy":"product_cat","embeddable":true,"href":"https:\/\/omokamuebles.com\/index.php\/wp-json\/wp\/v2\/product_cat?post=2156"},{"taxonomy":"product_tag","embeddable":true,"href":"https:\/\/omokamuebles.com\/index.php\/wp-json\/wp\/v2\/product_tag?post=2156"}],"curies":[{"name":"wp","href":"https:\/\/api.w.org\/{rel}","templated":true}]}}