{"id":2164,"date":"2023-01-30T06:49:24","date_gmt":"2023-01-30T06:49:24","guid":{"rendered":"https:\/\/omokamuebles.com\/?post_type=product&#038;p=2164"},"modified":"2025-07-10T13:49:54","modified_gmt":"2025-07-10T13:49:54","slug":"gabinete-universal-reforzado-arena-entrepanos-desmontables","status":"publish","type":"product","link":"https:\/\/omokamuebles.com\/index.php\/producto\/gabinete-universal-reforzado-arena-entrepanos-desmontables\/","title":{"rendered":"Gabinete universal reforzado Arena, entrepan\u0303os desmontables"},"content":{"rendered":"<p>Fabricado a base de l\u00e1mina rolada en frio calibre 22, con soportes de charola en forma de leng\u00fcetas en l\u00e1mina rolada en frio calibre 18 para soportar charola con 8 niveles de 15 cm de separaci\u00f3n.<br \/>\nLos entrepa\u00f1os se pueden instalar en las diversas alturas predeterminadas.<br \/>\nEl techo mide 50.6 x 91.4, con perforaciones para recibir el mecanismo. Calibre 22.<br \/>\nPiso y zoclo de 52 x 91.4 y zoclo de 8.5 x 81.4. Calibre 22.<br \/>\nCharola con dobles perimetral en forma de \u201cU\u201d para evitar pandeos. Calibre 22.<br \/>\nPuertas de 45.6 x 169.5. de calibre 22, con un refuerzo de 14.75 x 163.5 en calibre 24.<br \/>\nManija con chapa de cierre en tres puntos con mecanismo fabricada a base de varilla cold roller de 1\/4\u201d.<br \/>\nRespaldo de 86.8 x 181.4. Calibre 22. Y entrepa\u00f1os de 45.5 x 95.9. Calibre 22.<\/p>\n","protected":false},"excerpt":{"rendered":"<p>Fabricado a base de l\u00e1mina rolada en frio calibre 22, con soportes de charola en forma de leng\u00fcetas en l\u00e1mina rolada en frio calibre 18 para soportar charola con 8 niveles de 15 cm de separaci\u00f3n. Los entrepa\u00f1os se pueden instalar en las diversas alturas predeterminadas. El techo mide 50.6 x 91.4, con perforaciones para &hellip;<\/p>\n<p class=\"read-more\"> <a class=\"\" href=\"https:\/\/omokamuebles.com\/index.php\/producto\/gabinete-universal-reforzado-arena-entrepanos-desmontables\/\"> <span class=\"screen-reader-text\">Gabinete universal reforzado Arena, entrepan\u0303os desmontables<\/span> Leer m\u00e1s &raquo;<\/a><\/p>\n","protected":false},"featured_media":2165,"comment_status":"open","ping_status":"closed","template":"","meta":{"site-sidebar-layout":"default","site-content-layout":"default","ast-global-header-display":"","ast-main-header-display":"","ast-hfb-above-header-display":"","ast-hfb-below-header-display":"","ast-hfb-mobile-header-display":"","site-post-title":"","ast-breadcrumbs-content":"","ast-featured-img":"","footer-sml-layout":"","theme-transparent-header-meta":"default","adv-header-id-meta":"","stick-header-meta":"","header-above-stick-meta":"","header-main-stick-meta":"","header-below-stick-meta":"","_themeisle_gutenberg_block_has_review":false,"_joinchat":[]},"product_brand":[],"product_cat":[39],"product_tag":[67,73,68],"class_list":{"0":"post-2164","1":"product","2":"type-product","3":"status-publish","4":"has-post-thumbnail","6":"product_cat-almacenamiento","7":"product_tag-almacenamiento","8":"product_tag-gabinete","9":"product_tag-metalicos","10":"desktop-align-left","11":"tablet-align-left","12":"mobile-align-left","14":"first","15":"instock","16":"shipping-taxable","17":"product-type-simple"},"_links":{"self":[{"href":"https:\/\/omokamuebles.com\/index.php\/wp-json\/wp\/v2\/product\/2164","targetHints":{"allow":["GET"]}}],"collection":[{"href":"https:\/\/omokamuebles.com\/index.php\/wp-json\/wp\/v2\/product"}],"about":[{"href":"https:\/\/omokamuebles.com\/index.php\/wp-json\/wp\/v2\/types\/product"}],"replies":[{"embeddable":true,"href":"https:\/\/omokamuebles.com\/index.php\/wp-json\/wp\/v2\/comments?post=2164"}],"wp:featuredmedia":[{"embeddable":true,"href":"https:\/\/omokamuebles.com\/index.php\/wp-json\/wp\/v2\/media\/2165"}],"wp:attachment":[{"href":"https:\/\/omokamuebles.com\/index.php\/wp-json\/wp\/v2\/media?parent=2164"}],"wp:term":[{"taxonomy":"product_brand","embeddable":true,"href":"https:\/\/omokamuebles.com\/index.php\/wp-json\/wp\/v2\/product_brand?post=2164"},{"taxonomy":"product_cat","embeddable":true,"href":"https:\/\/omokamuebles.com\/index.php\/wp-json\/wp\/v2\/product_cat?post=2164"},{"taxonomy":"product_tag","embeddable":true,"href":"https:\/\/omokamuebles.com\/index.php\/wp-json\/wp\/v2\/product_tag?post=2164"}],"curies":[{"name":"wp","href":"https:\/\/api.w.org\/{rel}","templated":true}]}}