{"id":2166,"date":"2023-01-30T06:56:18","date_gmt":"2023-01-30T06:56:18","guid":{"rendered":"https:\/\/omokamuebles.com\/?post_type=product&#038;p=2166"},"modified":"2023-01-30T07:03:34","modified_gmt":"2023-01-30T07:03:34","slug":"archivero-vertical-de-3-gavetas","status":"publish","type":"product","link":"https:\/\/omokamuebles.com\/index.php\/producto\/archivero-vertical-de-3-gavetas\/","title":{"rendered":"Archivero vertical de 3 gavetas"},"content":{"rendered":"<ul>\n<li>Costados tapa y zoclo fabricados a base l\u00e1mina rolada en fr\u00edo cal: 22 con refuerzo troquelado para recepci\u00f3n de mecanismo de cierre general respaldo en l\u00e1mina calibre 24.<\/li>\n<li>Para archivar carta y oficio.<\/li>\n<li>Gaveta de archivero fabricada en base de l\u00e1mina rolada en fr\u00edo cal: 24 en una sola pieza.<\/li>\n<li>Preperforado para recepci\u00f3n de separador fondo de caj\u00f3n con venas de refuerzo para mayor carga frente.<\/li>\n<li>Porta etiquetas pl\u00e1stico caj\u00f3n de 3\/4 de abertura.<\/li>\n<li>Soporta un peso de 25 kg cada gaveta.<\/li>\n<\/ul>\n<p><strong>Dimensiones Clave<\/strong><\/p>\n<ul>\n<li>Ancho: 46 cm<\/li>\n<li>Altura: 105 cm<\/li>\n<li>Profundidad: 70 cm<\/li>\n<\/ul>\n","protected":false},"excerpt":{"rendered":"<p>Costados tapa y zoclo fabricados a base l\u00e1mina rolada en fr\u00edo cal: 22 con refuerzo troquelado para recepci\u00f3n de mecanismo de cierre general respaldo en l\u00e1mina calibre 24. Para archivar carta y oficio. Gaveta de archivero fabricada en base de l\u00e1mina rolada en fr\u00edo cal: 24 en una sola pieza. Preperforado para recepci\u00f3n de separador &hellip;<\/p>\n<p class=\"read-more\"> <a class=\"\" href=\"https:\/\/omokamuebles.com\/index.php\/producto\/archivero-vertical-de-3-gavetas\/\"> <span class=\"screen-reader-text\">Archivero vertical de 3 gavetas<\/span> Leer m\u00e1s &raquo;<\/a><\/p>\n","protected":false},"featured_media":2167,"comment_status":"open","ping_status":"closed","template":"","meta":{"site-sidebar-layout":"default","site-content-layout":"default","ast-global-header-display":"","ast-main-header-display":"","ast-hfb-above-header-display":"","ast-hfb-below-header-display":"","ast-hfb-mobile-header-display":"","site-post-title":"","ast-breadcrumbs-content":"","ast-featured-img":"","footer-sml-layout":"","theme-transparent-header-meta":"default","adv-header-id-meta":"","stick-header-meta":"","header-above-stick-meta":"","header-main-stick-meta":"","header-below-stick-meta":"","_themeisle_gutenberg_block_has_review":false,"_joinchat":[]},"product_brand":[],"product_cat":[39],"product_tag":[67,75,74,68],"class_list":{"0":"post-2166","1":"product","2":"type-product","3":"status-publish","4":"has-post-thumbnail","6":"product_cat-almacenamiento","7":"product_tag-almacenamiento","8":"product_tag-archivero","9":"product_tag-archivero-metalico","10":"product_tag-metalicos","11":"desktop-align-left","12":"tablet-align-left","13":"mobile-align-left","15":"first","16":"instock","17":"shipping-taxable","18":"product-type-simple"},"_links":{"self":[{"href":"https:\/\/omokamuebles.com\/index.php\/wp-json\/wp\/v2\/product\/2166","targetHints":{"allow":["GET"]}}],"collection":[{"href":"https:\/\/omokamuebles.com\/index.php\/wp-json\/wp\/v2\/product"}],"about":[{"href":"https:\/\/omokamuebles.com\/index.php\/wp-json\/wp\/v2\/types\/product"}],"replies":[{"embeddable":true,"href":"https:\/\/omokamuebles.com\/index.php\/wp-json\/wp\/v2\/comments?post=2166"}],"wp:featuredmedia":[{"embeddable":true,"href":"https:\/\/omokamuebles.com\/index.php\/wp-json\/wp\/v2\/media\/2167"}],"wp:attachment":[{"href":"https:\/\/omokamuebles.com\/index.php\/wp-json\/wp\/v2\/media?parent=2166"}],"wp:term":[{"taxonomy":"product_brand","embeddable":true,"href":"https:\/\/omokamuebles.com\/index.php\/wp-json\/wp\/v2\/product_brand?post=2166"},{"taxonomy":"product_cat","embeddable":true,"href":"https:\/\/omokamuebles.com\/index.php\/wp-json\/wp\/v2\/product_cat?post=2166"},{"taxonomy":"product_tag","embeddable":true,"href":"https:\/\/omokamuebles.com\/index.php\/wp-json\/wp\/v2\/product_tag?post=2166"}],"curies":[{"name":"wp","href":"https:\/\/api.w.org\/{rel}","templated":true}]}}