{"id":2461,"date":"2023-02-11T22:09:32","date_gmt":"2023-02-11T22:09:32","guid":{"rendered":"https:\/\/omokamuebles.com\/?post_type=product&#038;p=2461"},"modified":"2023-02-11T22:09:32","modified_gmt":"2023-02-11T22:09:32","slug":"pupitre-bold-abatible-pintado-y-tapizado","status":"publish","type":"product","link":"https:\/\/omokamuebles.com\/index.php\/producto\/pupitre-bold-abatible-pintado-y-tapizado\/","title":{"rendered":"PUPITRE BOLD ABATIBLE PINTADO Y TAPIZADO"},"content":{"rendered":"<p>Estructura fabricada de tubular redondo de 1\u201d cal16 reforzado con parrilla de 1\/4. acabado en cromo, asiento y respaldo integrados por una concha de polipropileno con transferencia t\u00e9rmica; verde lima, mandarina(naranja), vino, celeste, gris y rojo., asiento y respaldo tapizados en tela poli\u00e9ster. cubierta de mdf de 25mm con laminado pl\u00e1stico, cantos termofusionados en pvc de 2mm color gris.<\/p>\n","protected":false},"excerpt":{"rendered":"<p>Estructura fabricada de tubular redondo de 1\u201d cal16 reforzado con parrilla de 1\/4. acabado en cromo, asiento y respaldo integrados por una concha de polipropileno con transferencia t\u00e9rmica; verde lima, mandarina(naranja), vino, celeste, gris y rojo., asiento y respaldo tapizados en tela poli\u00e9ster. cubierta de mdf de 25mm con laminado pl\u00e1stico, cantos termofusionados en pvc &hellip;<\/p>\n<p class=\"read-more\"> <a class=\"\" href=\"https:\/\/omokamuebles.com\/index.php\/producto\/pupitre-bold-abatible-pintado-y-tapizado\/\"> <span class=\"screen-reader-text\">PUPITRE BOLD ABATIBLE PINTADO Y TAPIZADO<\/span> Leer m\u00e1s &raquo;<\/a><\/p>\n","protected":false},"featured_media":2462,"comment_status":"open","ping_status":"closed","template":"","meta":{"site-sidebar-layout":"default","site-content-layout":"default","ast-global-header-display":"","ast-main-header-display":"","ast-hfb-above-header-display":"","ast-hfb-below-header-display":"","ast-hfb-mobile-header-display":"","site-post-title":"","ast-breadcrumbs-content":"","ast-featured-img":"","footer-sml-layout":"","theme-transparent-header-meta":"default","adv-header-id-meta":"","stick-header-meta":"","header-above-stick-meta":"","header-main-stick-meta":"","header-below-stick-meta":"","_themeisle_gutenberg_block_has_review":false,"_joinchat":[]},"product_brand":[],"product_cat":[85],"product_tag":[87,86,89,88],"class_list":{"0":"post-2461","1":"product","2":"type-product","3":"status-publish","4":"has-post-thumbnail","6":"product_cat-mobiliario-escolar","7":"product_tag-mobiliario-escolar","8":"product_tag-muebles-escolares","9":"product_tag-pupitre","10":"product_tag-pupitres","11":"desktop-align-left","12":"tablet-align-left","13":"mobile-align-left","15":"first","16":"instock","17":"shipping-taxable","18":"product-type-simple"},"_links":{"self":[{"href":"https:\/\/omokamuebles.com\/index.php\/wp-json\/wp\/v2\/product\/2461","targetHints":{"allow":["GET"]}}],"collection":[{"href":"https:\/\/omokamuebles.com\/index.php\/wp-json\/wp\/v2\/product"}],"about":[{"href":"https:\/\/omokamuebles.com\/index.php\/wp-json\/wp\/v2\/types\/product"}],"replies":[{"embeddable":true,"href":"https:\/\/omokamuebles.com\/index.php\/wp-json\/wp\/v2\/comments?post=2461"}],"wp:featuredmedia":[{"embeddable":true,"href":"https:\/\/omokamuebles.com\/index.php\/wp-json\/wp\/v2\/media\/2462"}],"wp:attachment":[{"href":"https:\/\/omokamuebles.com\/index.php\/wp-json\/wp\/v2\/media?parent=2461"}],"wp:term":[{"taxonomy":"product_brand","embeddable":true,"href":"https:\/\/omokamuebles.com\/index.php\/wp-json\/wp\/v2\/product_brand?post=2461"},{"taxonomy":"product_cat","embeddable":true,"href":"https:\/\/omokamuebles.com\/index.php\/wp-json\/wp\/v2\/product_cat?post=2461"},{"taxonomy":"product_tag","embeddable":true,"href":"https:\/\/omokamuebles.com\/index.php\/wp-json\/wp\/v2\/product_tag?post=2461"}],"curies":[{"name":"wp","href":"https:\/\/api.w.org\/{rel}","templated":true}]}}