{"id":2628,"date":"2023-03-10T02:34:21","date_gmt":"2023-03-10T02:34:21","guid":{"rendered":"https:\/\/omokamuebles.com\/?post_type=product&#038;p=2628"},"modified":"2023-03-10T02:34:21","modified_gmt":"2023-03-10T02:34:21","slug":"archivero-horizontal-cuatro-gavetas","status":"publish","type":"product","link":"https:\/\/omokamuebles.com\/index.php\/producto\/archivero-horizontal-cuatro-gavetas\/","title":{"rendered":"Archivero horizontal cuatro gavetas"},"content":{"rendered":"<ul>\n<li>Estructura met\u00e1lica reforzada.<\/li>\n<li>Correderas de suspensi\u00f3n embalinada telesc\u00f3picas de m\u00e1xima extensi\u00f3n.<\/li>\n<li>\u00a0Dos rieles colgantes ajustables por gaveta.<\/li>\n<li>Acomodo intercambiable en carta, oficio y A4.<\/li>\n<li>Inhibidor de seguridad para evitar la apertura de m\u00e1s de una gaveta al mismo tiempo.<\/li>\n<li>Tiene un mecanismo interno que no permite la apertura de dos o m\u00e1s cajones a la vez.<\/li>\n<li>Cuerpo en metal rolado en fr\u00edo complementado con componentes que agregan fuerza y crean una construcci\u00f3n robusta.<\/li>\n<li>Construcci\u00f3n con soldadura superior, frontal y de esquinas<\/li>\n<li>Fondo sellado completamente.<\/li>\n<li>Parte frontal y vertical soldada a las partes laterales<\/li>\n<li>Cajonera hecha en una sola pieza ajustada a los lados de la cajonera. Frente del caj\u00f3n asegurado con cuatro tornillos al cuerpo.<\/li>\n<li>Las gavetas usan acero prepintado en gris.<\/li>\n<li>Gaveta operan en suspensi\u00f3n de deslizamiento con extensi\u00f3n total.<\/li>\n<li>Contrapeso inclu\u00eddo y construido de acero o part\u00edculas de alta densidad asegurado al fondo del gabinete.<\/li>\n<li>Incluye cerradura ubicada en la parte frontal izquierda superior. El candado activa una palanca que a su vez opera las barras segmentadas de cerradura a la izquierda de las gavetas\u2028y asegura el lado izquierdo de los cajones.<\/li>\n<\/ul>\n<p><strong>Dimensiones clave<\/strong><\/p>\n<ul>\n<li>Ancho: 76 cm<\/li>\n<li>Alto: 135 cm<\/li>\n<li>Profundidad: 49 cm<\/li>\n<\/ul>\n","protected":false},"excerpt":{"rendered":"<p>Estructura met\u00e1lica reforzada. Correderas de suspensi\u00f3n embalinada telesc\u00f3picas de m\u00e1xima extensi\u00f3n. \u00a0Dos rieles colgantes ajustables por gaveta. Acomodo intercambiable en carta, oficio y A4. Inhibidor de seguridad para evitar la apertura de m\u00e1s de una gaveta al mismo tiempo. Tiene un mecanismo interno que no permite la apertura de dos o m\u00e1s cajones a la &hellip;<\/p>\n<p class=\"read-more\"> <a class=\"\" href=\"https:\/\/omokamuebles.com\/index.php\/producto\/archivero-horizontal-cuatro-gavetas\/\"> <span class=\"screen-reader-text\">Archivero horizontal cuatro gavetas<\/span> Leer m\u00e1s &raquo;<\/a><\/p>\n","protected":false},"featured_media":2629,"comment_status":"open","ping_status":"closed","template":"","meta":{"site-sidebar-layout":"default","site-content-layout":"default","ast-global-header-display":"","ast-main-header-display":"","ast-hfb-above-header-display":"","ast-hfb-below-header-display":"","ast-hfb-mobile-header-display":"","site-post-title":"","ast-breadcrumbs-content":"","ast-featured-img":"","footer-sml-layout":"","theme-transparent-header-meta":"default","adv-header-id-meta":"","stick-header-meta":"","header-above-stick-meta":"","header-main-stick-meta":"","header-below-stick-meta":"","_themeisle_gutenberg_block_has_review":false,"_joinchat":[]},"product_brand":[],"product_cat":[39],"product_tag":[67,75,74,68],"class_list":{"0":"post-2628","1":"product","2":"type-product","3":"status-publish","4":"has-post-thumbnail","6":"product_cat-almacenamiento","7":"product_tag-almacenamiento","8":"product_tag-archivero","9":"product_tag-archivero-metalico","10":"product_tag-metalicos","11":"desktop-align-left","12":"tablet-align-left","13":"mobile-align-left","15":"first","16":"instock","17":"shipping-taxable","18":"product-type-simple"},"_links":{"self":[{"href":"https:\/\/omokamuebles.com\/index.php\/wp-json\/wp\/v2\/product\/2628","targetHints":{"allow":["GET"]}}],"collection":[{"href":"https:\/\/omokamuebles.com\/index.php\/wp-json\/wp\/v2\/product"}],"about":[{"href":"https:\/\/omokamuebles.com\/index.php\/wp-json\/wp\/v2\/types\/product"}],"replies":[{"embeddable":true,"href":"https:\/\/omokamuebles.com\/index.php\/wp-json\/wp\/v2\/comments?post=2628"}],"wp:featuredmedia":[{"embeddable":true,"href":"https:\/\/omokamuebles.com\/index.php\/wp-json\/wp\/v2\/media\/2629"}],"wp:attachment":[{"href":"https:\/\/omokamuebles.com\/index.php\/wp-json\/wp\/v2\/media?parent=2628"}],"wp:term":[{"taxonomy":"product_brand","embeddable":true,"href":"https:\/\/omokamuebles.com\/index.php\/wp-json\/wp\/v2\/product_brand?post=2628"},{"taxonomy":"product_cat","embeddable":true,"href":"https:\/\/omokamuebles.com\/index.php\/wp-json\/wp\/v2\/product_cat?post=2628"},{"taxonomy":"product_tag","embeddable":true,"href":"https:\/\/omokamuebles.com\/index.php\/wp-json\/wp\/v2\/product_tag?post=2628"}],"curies":[{"name":"wp","href":"https:\/\/api.w.org\/{rel}","templated":true}]}}