{"id":2685,"date":"2023-04-27T04:20:18","date_gmt":"2023-04-27T04:20:18","guid":{"rendered":"https:\/\/omokamuebles.com\/?post_type=product&#038;p=2685"},"modified":"2023-04-27T04:21:23","modified_gmt":"2023-04-27T04:21:23","slug":"archivero-institucional-vertical-de-4-gavetas-metalico-negro","status":"publish","type":"product","link":"https:\/\/omokamuebles.com\/index.php\/producto\/archivero-institucional-vertical-de-4-gavetas-metalico-negro\/","title":{"rendered":"Archivero Institucional vertical de 4 gavetas Met\u00e1lico Negro"},"content":{"rendered":"<ul>\n<li>Cuerpo conformado por una cubierta superior en l\u00e1mina rolada en frio calibre 22<\/li>\n<li>Una sola pieza para los costados y respaldo en l\u00e1mina rolada en fr\u00edo calibre 24<\/li>\n<li>Ciclo inferior al frente en l\u00e1mina rolada en fr\u00edo 22<\/li>\n<li>4 Refuerzos verticales en los costados en l\u00e1mina calibre 22<\/li>\n<li>Divisores frontales entre gavetas<\/li>\n<li>Fondo de l\u00e1mina galvanizada<\/li>\n<li>Sistema de costillas troqueladas patentadas los costados y respaldo<\/li>\n<li>En una sola pieza de l\u00e1mina galvanizada calibre 24<\/li>\n<li>Costados altos para folder colgante frente en l\u00e1mina rolada en fr\u00edo calibre 24<\/li>\n<li>Jaladera de aluminio atornillada<\/li>\n<li>Porta etiqueta de aluminio sobrepuesta<\/li>\n<li>Corredera de suspensi\u00f3n embolinada telesc\u00f3pica de m\u00e1xima extensi\u00f3n<\/li>\n<li>Todo ensamblado sin soldadura<\/li>\n<li>Cerradura de cilindro removible<\/li>\n<li>Con bot\u00f3n de seguridad en cada gaveta para evitar que se abra accidentalmente<\/li>\n<li>Incluye un separador por gaveta<\/li>\n<li>Pintura l\u00edquida de aplicaci\u00f3n electrost\u00e1tica color a escoger<\/li>\n<li>Horneada a 182 grados cent\u00edgrados en cuerpo exterior y frentes de gavetas<\/li>\n<\/ul>\n<p><strong>Dimensiones<\/strong><\/p>\n<ul>\n<li style=\"list-style-type: none;\">\n<ul>\n<li>Ancho 46.3 cm<\/li>\n<li>Altura 132 cm<\/li>\n<li>Profundidad 63.5 cm<\/li>\n<\/ul>\n<\/li>\n<\/ul>\n","protected":false},"excerpt":{"rendered":"<p>Cuerpo conformado por una cubierta superior en l\u00e1mina rolada en frio calibre 22 Una sola pieza para los costados y respaldo en l\u00e1mina rolada en fr\u00edo calibre 24 Ciclo inferior al frente en l\u00e1mina rolada en fr\u00edo 22 4 Refuerzos verticales en los costados en l\u00e1mina calibre 22 Divisores frontales entre gavetas Fondo de l\u00e1mina &hellip;<\/p>\n<p class=\"read-more\"> <a class=\"\" href=\"https:\/\/omokamuebles.com\/index.php\/producto\/archivero-institucional-vertical-de-4-gavetas-metalico-negro\/\"> <span class=\"screen-reader-text\">Archivero Institucional vertical de 4 gavetas Met\u00e1lico Negro<\/span> Leer m\u00e1s &raquo;<\/a><\/p>\n","protected":false},"featured_media":2686,"comment_status":"open","ping_status":"closed","template":"","meta":{"site-sidebar-layout":"default","site-content-layout":"default","ast-global-header-display":"","ast-main-header-display":"","ast-hfb-above-header-display":"","ast-hfb-below-header-display":"","ast-hfb-mobile-header-display":"","site-post-title":"","ast-breadcrumbs-content":"","ast-featured-img":"","footer-sml-layout":"","theme-transparent-header-meta":"default","adv-header-id-meta":"","stick-header-meta":"","header-above-stick-meta":"","header-main-stick-meta":"","header-below-stick-meta":"","_themeisle_gutenberg_block_has_review":false,"_joinchat":[]},"product_brand":[],"product_cat":[39],"product_tag":[67,75,74],"class_list":{"0":"post-2685","1":"product","2":"type-product","3":"status-publish","4":"has-post-thumbnail","6":"product_cat-almacenamiento","7":"product_tag-almacenamiento","8":"product_tag-archivero","9":"product_tag-archivero-metalico","10":"desktop-align-left","11":"tablet-align-left","12":"mobile-align-left","14":"first","15":"instock","16":"shipping-taxable","17":"product-type-simple"},"_links":{"self":[{"href":"https:\/\/omokamuebles.com\/index.php\/wp-json\/wp\/v2\/product\/2685","targetHints":{"allow":["GET"]}}],"collection":[{"href":"https:\/\/omokamuebles.com\/index.php\/wp-json\/wp\/v2\/product"}],"about":[{"href":"https:\/\/omokamuebles.com\/index.php\/wp-json\/wp\/v2\/types\/product"}],"replies":[{"embeddable":true,"href":"https:\/\/omokamuebles.com\/index.php\/wp-json\/wp\/v2\/comments?post=2685"}],"wp:featuredmedia":[{"embeddable":true,"href":"https:\/\/omokamuebles.com\/index.php\/wp-json\/wp\/v2\/media\/2686"}],"wp:attachment":[{"href":"https:\/\/omokamuebles.com\/index.php\/wp-json\/wp\/v2\/media?parent=2685"}],"wp:term":[{"taxonomy":"product_brand","embeddable":true,"href":"https:\/\/omokamuebles.com\/index.php\/wp-json\/wp\/v2\/product_brand?post=2685"},{"taxonomy":"product_cat","embeddable":true,"href":"https:\/\/omokamuebles.com\/index.php\/wp-json\/wp\/v2\/product_cat?post=2685"},{"taxonomy":"product_tag","embeddable":true,"href":"https:\/\/omokamuebles.com\/index.php\/wp-json\/wp\/v2\/product_tag?post=2685"}],"curies":[{"name":"wp","href":"https:\/\/api.w.org\/{rel}","templated":true}]}}