{"id":2691,"date":"2023-04-27T04:46:58","date_gmt":"2023-04-27T04:46:58","guid":{"rendered":"https:\/\/omokamuebles.com\/?post_type=product&#038;p=2691"},"modified":"2023-04-27T04:46:58","modified_gmt":"2023-04-27T04:46:58","slug":"archivero-vertical-1-papelero-y-2-archivos","status":"publish","type":"product","link":"https:\/\/omokamuebles.com\/index.php\/producto\/archivero-vertical-1-papelero-y-2-archivos\/","title":{"rendered":"Archivero vertical 1 papelero y 2 archivos"},"content":{"rendered":"<p>Los organizadores verticales de la l\u00ednea econ\u00f3mica ofrecen soluciones de almacenamiento ocasional para el hogar, estudiantes o peque\u00f1as oficinas con bajo volumen de documentaci\u00f3n.<br \/>\nCuentan con suspensi\u00f3n deslizante la cual da un manejo suave del caj\u00f3n.<br \/>\nDisponibles con un cajon papelero y dos para archivos.<br \/>\nCajones altos, listos para aceptar folders colgantes tama\u00f1o carta.<br \/>\nSuspensi\u00f3n deslizante patentada que permite un uso suave del caj\u00f3n.<br \/>\nCerradura para asegurar los cajones del papelero y el primer archivo.<br \/>\nAcabado de esmalte horneado.<\/p>\n<ul>\n<li>Ancho: 36.2 cm<\/li>\n<li>Altura: 69.35 cm<\/li>\n<li>Profundidad: 45.72 cm<\/li>\n<\/ul>\n","protected":false},"excerpt":{"rendered":"<p>Los organizadores verticales de la l\u00ednea econ\u00f3mica ofrecen soluciones de almacenamiento ocasional para el hogar, estudiantes o peque\u00f1as oficinas con bajo volumen de documentaci\u00f3n. Cuentan con suspensi\u00f3n deslizante la cual da un manejo suave del caj\u00f3n. Disponibles con un cajon papelero y dos para archivos. Cajones altos, listos para aceptar folders colgantes tama\u00f1o carta. Suspensi\u00f3n &hellip;<\/p>\n<p class=\"read-more\"> <a class=\"\" href=\"https:\/\/omokamuebles.com\/index.php\/producto\/archivero-vertical-1-papelero-y-2-archivos\/\"> <span class=\"screen-reader-text\">Archivero vertical 1 papelero y 2 archivos<\/span> Leer m\u00e1s &raquo;<\/a><\/p>\n","protected":false},"featured_media":2692,"comment_status":"open","ping_status":"closed","template":"","meta":{"site-sidebar-layout":"default","site-content-layout":"default","ast-global-header-display":"","ast-main-header-display":"","ast-hfb-above-header-display":"","ast-hfb-below-header-display":"","ast-hfb-mobile-header-display":"","site-post-title":"","ast-breadcrumbs-content":"","ast-featured-img":"","footer-sml-layout":"","theme-transparent-header-meta":"default","adv-header-id-meta":"","stick-header-meta":"","header-above-stick-meta":"","header-main-stick-meta":"","header-below-stick-meta":"","_themeisle_gutenberg_block_has_review":false,"_joinchat":[]},"product_brand":[],"product_cat":[39],"product_tag":[67,75,74],"class_list":{"0":"post-2691","1":"product","2":"type-product","3":"status-publish","4":"has-post-thumbnail","6":"product_cat-almacenamiento","7":"product_tag-almacenamiento","8":"product_tag-archivero","9":"product_tag-archivero-metalico","10":"desktop-align-left","11":"tablet-align-left","12":"mobile-align-left","14":"first","15":"instock","16":"shipping-taxable","17":"product-type-simple"},"_links":{"self":[{"href":"https:\/\/omokamuebles.com\/index.php\/wp-json\/wp\/v2\/product\/2691","targetHints":{"allow":["GET"]}}],"collection":[{"href":"https:\/\/omokamuebles.com\/index.php\/wp-json\/wp\/v2\/product"}],"about":[{"href":"https:\/\/omokamuebles.com\/index.php\/wp-json\/wp\/v2\/types\/product"}],"replies":[{"embeddable":true,"href":"https:\/\/omokamuebles.com\/index.php\/wp-json\/wp\/v2\/comments?post=2691"}],"wp:featuredmedia":[{"embeddable":true,"href":"https:\/\/omokamuebles.com\/index.php\/wp-json\/wp\/v2\/media\/2692"}],"wp:attachment":[{"href":"https:\/\/omokamuebles.com\/index.php\/wp-json\/wp\/v2\/media?parent=2691"}],"wp:term":[{"taxonomy":"product_brand","embeddable":true,"href":"https:\/\/omokamuebles.com\/index.php\/wp-json\/wp\/v2\/product_brand?post=2691"},{"taxonomy":"product_cat","embeddable":true,"href":"https:\/\/omokamuebles.com\/index.php\/wp-json\/wp\/v2\/product_cat?post=2691"},{"taxonomy":"product_tag","embeddable":true,"href":"https:\/\/omokamuebles.com\/index.php\/wp-json\/wp\/v2\/product_tag?post=2691"}],"curies":[{"name":"wp","href":"https:\/\/api.w.org\/{rel}","templated":true}]}}