{"id":2695,"date":"2023-04-27T05:01:09","date_gmt":"2023-04-27T05:01:09","guid":{"rendered":"https:\/\/omokamuebles.com\/?post_type=product&#038;p=2695"},"modified":"2023-04-27T05:01:09","modified_gmt":"2023-04-27T05:01:09","slug":"archivero-horizontal-de-2-gavetas-metalico-negro","status":"publish","type":"product","link":"https:\/\/omokamuebles.com\/index.php\/producto\/archivero-horizontal-de-2-gavetas-metalico-negro\/","title":{"rendered":"Archivero horizontal de 2 gavetas Met\u00e1lico Negro"},"content":{"rendered":"<ul>\n<li>Estructura met\u00e1lica reforzada.<\/li>\n<li>Correderas de suspensi\u00f3n embalinada telesc\u00f3picas de m\u00e1xima extensi\u00f3n.<\/li>\n<li>Dos rieles colgantes ajustables por gaveta.<\/li>\n<li>Acomodo intercambiable en carta, oficio y A4.<\/li>\n<li>Inhibidor de seguridad para evitar la apertura de m\u00e1s de una gaveta al mismo tiempo.<\/li>\n<li>2 Gavetas.<\/li>\n<\/ul>\n<p><strong>Dimensiones clave<\/strong><\/p>\n<ul>\n<li>Ancho: 76.2 cm<\/li>\n<li>Alto: 72 cm<\/li>\n<li>Profundidad: 49<\/li>\n<\/ul>\n","protected":false},"excerpt":{"rendered":"<p>Estructura met\u00e1lica reforzada. Correderas de suspensi\u00f3n embalinada telesc\u00f3picas de m\u00e1xima extensi\u00f3n. Dos rieles colgantes ajustables por gaveta. Acomodo intercambiable en carta, oficio y A4. Inhibidor de seguridad para evitar la apertura de m\u00e1s de una gaveta al mismo tiempo. 2 Gavetas. Dimensiones clave Ancho: 76.2 cm Alto: 72 cm Profundidad: 49<\/p>\n","protected":false},"featured_media":2696,"comment_status":"open","ping_status":"closed","template":"","meta":{"site-sidebar-layout":"default","site-content-layout":"default","ast-global-header-display":"","ast-main-header-display":"","ast-hfb-above-header-display":"","ast-hfb-below-header-display":"","ast-hfb-mobile-header-display":"","site-post-title":"","ast-breadcrumbs-content":"","ast-featured-img":"","footer-sml-layout":"","theme-transparent-header-meta":"default","adv-header-id-meta":"","stick-header-meta":"","header-above-stick-meta":"","header-main-stick-meta":"","header-below-stick-meta":"","_themeisle_gutenberg_block_has_review":false,"_joinchat":[]},"product_brand":[],"product_cat":[39],"product_tag":[67,75,74],"class_list":{"0":"post-2695","1":"product","2":"type-product","3":"status-publish","4":"has-post-thumbnail","6":"product_cat-almacenamiento","7":"product_tag-almacenamiento","8":"product_tag-archivero","9":"product_tag-archivero-metalico","10":"desktop-align-left","11":"tablet-align-left","12":"mobile-align-left","14":"first","15":"instock","16":"shipping-taxable","17":"product-type-simple"},"_links":{"self":[{"href":"https:\/\/omokamuebles.com\/index.php\/wp-json\/wp\/v2\/product\/2695","targetHints":{"allow":["GET"]}}],"collection":[{"href":"https:\/\/omokamuebles.com\/index.php\/wp-json\/wp\/v2\/product"}],"about":[{"href":"https:\/\/omokamuebles.com\/index.php\/wp-json\/wp\/v2\/types\/product"}],"replies":[{"embeddable":true,"href":"https:\/\/omokamuebles.com\/index.php\/wp-json\/wp\/v2\/comments?post=2695"}],"wp:featuredmedia":[{"embeddable":true,"href":"https:\/\/omokamuebles.com\/index.php\/wp-json\/wp\/v2\/media\/2696"}],"wp:attachment":[{"href":"https:\/\/omokamuebles.com\/index.php\/wp-json\/wp\/v2\/media?parent=2695"}],"wp:term":[{"taxonomy":"product_brand","embeddable":true,"href":"https:\/\/omokamuebles.com\/index.php\/wp-json\/wp\/v2\/product_brand?post=2695"},{"taxonomy":"product_cat","embeddable":true,"href":"https:\/\/omokamuebles.com\/index.php\/wp-json\/wp\/v2\/product_cat?post=2695"},{"taxonomy":"product_tag","embeddable":true,"href":"https:\/\/omokamuebles.com\/index.php\/wp-json\/wp\/v2\/product_tag?post=2695"}],"curies":[{"name":"wp","href":"https:\/\/api.w.org\/{rel}","templated":true}]}}