{"id":2718,"date":"2023-05-11T12:53:51","date_gmt":"2023-05-11T12:53:51","guid":{"rendered":"https:\/\/omokamuebles.com\/?post_type=product&#038;p=2718"},"modified":"2023-05-11T12:53:51","modified_gmt":"2023-05-11T12:53:51","slug":"locker-perforado-de-2-puertas","status":"publish","type":"product","link":"https:\/\/omokamuebles.com\/index.php\/producto\/locker-perforado-de-2-puertas\/","title":{"rendered":"Locker Perforado de 2 puertas"},"content":{"rendered":"<ul>\n<li>Locker Met\u00e1lico 2 Puertas Perforada 1.80x36x37 fabricado con l\u00e1mina de acero rolada en fr\u00edo calibre 24.<\/li>\n<li>Acabado en pintura en polvo epoxi-poliester aplicada electroest\u00e1ticamente horneada a 200\u00b0 cent\u00edgrados.<\/li>\n<li>Ensamblado con soldadura por resistencia.<\/li>\n<li>La puerta cuenta con un refuerzo colocado de manera vertical.<\/li>\n<li>Soporte de entrepa\u00f1os hasta 100kg<\/li>\n<\/ul>\n","protected":false},"excerpt":{"rendered":"<p>Locker Met\u00e1lico 2 Puertas Perforada 1.80x36x37 fabricado con l\u00e1mina de acero rolada en fr\u00edo calibre 24. Acabado en pintura en polvo epoxi-poliester aplicada electroest\u00e1ticamente horneada a 200\u00b0 cent\u00edgrados. Ensamblado con soldadura por resistencia. La puerta cuenta con un refuerzo colocado de manera vertical. Soporte de entrepa\u00f1os hasta 100kg<\/p>\n","protected":false},"featured_media":2719,"comment_status":"open","ping_status":"closed","template":"","meta":{"site-sidebar-layout":"default","site-content-layout":"default","ast-global-header-display":"","ast-main-header-display":"","ast-hfb-above-header-display":"","ast-hfb-below-header-display":"","ast-hfb-mobile-header-display":"","site-post-title":"","ast-breadcrumbs-content":"","ast-featured-img":"","footer-sml-layout":"","theme-transparent-header-meta":"default","adv-header-id-meta":"","stick-header-meta":"","header-above-stick-meta":"","header-main-stick-meta":"","header-below-stick-meta":"","_themeisle_gutenberg_block_has_review":false,"_joinchat":[]},"product_brand":[],"product_cat":[39],"product_tag":[67,71,72,68],"class_list":{"0":"post-2718","1":"product","2":"type-product","3":"status-publish","4":"has-post-thumbnail","6":"product_cat-almacenamiento","7":"product_tag-almacenamiento","8":"product_tag-locker","9":"product_tag-lockers","10":"product_tag-metalicos","11":"desktop-align-left","12":"tablet-align-left","13":"mobile-align-left","15":"first","16":"instock","17":"shipping-taxable","18":"product-type-simple"},"_links":{"self":[{"href":"https:\/\/omokamuebles.com\/index.php\/wp-json\/wp\/v2\/product\/2718","targetHints":{"allow":["GET"]}}],"collection":[{"href":"https:\/\/omokamuebles.com\/index.php\/wp-json\/wp\/v2\/product"}],"about":[{"href":"https:\/\/omokamuebles.com\/index.php\/wp-json\/wp\/v2\/types\/product"}],"replies":[{"embeddable":true,"href":"https:\/\/omokamuebles.com\/index.php\/wp-json\/wp\/v2\/comments?post=2718"}],"wp:featuredmedia":[{"embeddable":true,"href":"https:\/\/omokamuebles.com\/index.php\/wp-json\/wp\/v2\/media\/2719"}],"wp:attachment":[{"href":"https:\/\/omokamuebles.com\/index.php\/wp-json\/wp\/v2\/media?parent=2718"}],"wp:term":[{"taxonomy":"product_brand","embeddable":true,"href":"https:\/\/omokamuebles.com\/index.php\/wp-json\/wp\/v2\/product_brand?post=2718"},{"taxonomy":"product_cat","embeddable":true,"href":"https:\/\/omokamuebles.com\/index.php\/wp-json\/wp\/v2\/product_cat?post=2718"},{"taxonomy":"product_tag","embeddable":true,"href":"https:\/\/omokamuebles.com\/index.php\/wp-json\/wp\/v2\/product_tag?post=2718"}],"curies":[{"name":"wp","href":"https:\/\/api.w.org\/{rel}","templated":true}]}}