{"id":2913,"date":"2024-07-23T13:55:53","date_gmt":"2024-07-23T13:55:53","guid":{"rendered":"https:\/\/omokamuebles.com\/?post_type=product&#038;p=2913"},"modified":"2024-07-24T04:14:13","modified_gmt":"2024-07-24T04:14:13","slug":"semillero-o-cerealero-4c","status":"publish","type":"product","link":"https:\/\/omokamuebles.com\/index.php\/producto\/semillero-o-cerealero-4c\/","title":{"rendered":"Semillero &#8211; Cerealero 4c"},"content":{"rendered":"<p>Semillero o cerealero 4 compartimentos<\/p>\n<p>Mueble para exhibici\u00f3n y f\u00e1cil acceso de productos a granel, fabricado en lamina calibre 24, pintura horneada para una m\u00e1xima durabilidad y el almacenamiento adecuado.<\/p>\n<p>Medidas: 40 X 40 X 126<\/p>\n","protected":false},"excerpt":{"rendered":"<p>Semillero o cerealero 4 compartimentos Mueble para exhibici\u00f3n y f\u00e1cil acceso de productos a granel, fabricado en lamina calibre 24, pintura horneada para una m\u00e1xima durabilidad y el almacenamiento adecuado. Medidas: 40 X 40 X 126<\/p>\n","protected":false},"featured_media":2914,"comment_status":"open","ping_status":"closed","template":"","meta":{"site-sidebar-layout":"default","site-content-layout":"default","ast-global-header-display":"","ast-main-header-display":"","ast-hfb-above-header-display":"","ast-hfb-below-header-display":"","ast-hfb-mobile-header-display":"","site-post-title":"","ast-breadcrumbs-content":"","ast-featured-img":"","footer-sml-layout":"","theme-transparent-header-meta":"default","adv-header-id-meta":"","stick-header-meta":"","header-above-stick-meta":"","header-main-stick-meta":"","header-below-stick-meta":"","_themeisle_gutenberg_block_has_review":false,"_joinchat":[]},"product_brand":[],"product_cat":[58],"product_tag":[105,61,106,107,104],"class_list":{"0":"post-2913","1":"product","2":"type-product","3":"status-publish","4":"has-post-thumbnail","6":"product_cat-comercio","7":"product_tag-cerealero","8":"product_tag-comercio","9":"product_tag-mueble-para-negocio","10":"product_tag-muebles-de-comercio","11":"product_tag-semillero","12":"desktop-align-left","13":"tablet-align-left","14":"mobile-align-left","16":"first","17":"instock","18":"shipping-taxable","19":"product-type-simple"},"_links":{"self":[{"href":"https:\/\/omokamuebles.com\/index.php\/wp-json\/wp\/v2\/product\/2913","targetHints":{"allow":["GET"]}}],"collection":[{"href":"https:\/\/omokamuebles.com\/index.php\/wp-json\/wp\/v2\/product"}],"about":[{"href":"https:\/\/omokamuebles.com\/index.php\/wp-json\/wp\/v2\/types\/product"}],"replies":[{"embeddable":true,"href":"https:\/\/omokamuebles.com\/index.php\/wp-json\/wp\/v2\/comments?post=2913"}],"wp:featuredmedia":[{"embeddable":true,"href":"https:\/\/omokamuebles.com\/index.php\/wp-json\/wp\/v2\/media\/2914"}],"wp:attachment":[{"href":"https:\/\/omokamuebles.com\/index.php\/wp-json\/wp\/v2\/media?parent=2913"}],"wp:term":[{"taxonomy":"product_brand","embeddable":true,"href":"https:\/\/omokamuebles.com\/index.php\/wp-json\/wp\/v2\/product_brand?post=2913"},{"taxonomy":"product_cat","embeddable":true,"href":"https:\/\/omokamuebles.com\/index.php\/wp-json\/wp\/v2\/product_cat?post=2913"},{"taxonomy":"product_tag","embeddable":true,"href":"https:\/\/omokamuebles.com\/index.php\/wp-json\/wp\/v2\/product_tag?post=2913"}],"curies":[{"name":"wp","href":"https:\/\/api.w.org\/{rel}","templated":true}]}}