{"id":2942,"date":"2024-07-28T05:27:40","date_gmt":"2024-07-28T05:27:40","guid":{"rendered":"https:\/\/omokamuebles.com\/?post_type=product&#038;p=2942"},"modified":"2025-07-11T02:07:03","modified_gmt":"2025-07-11T02:07:03","slug":"cajonera-de-plastica","status":"publish","type":"product","link":"https:\/\/omokamuebles.com\/index.php\/producto\/cajonera-de-plastica\/","title":{"rendered":"Cajonera de pl\u00e1stica"},"content":{"rendered":"<p>Fabricado en l\u00e1mina de calibre 24. Cajones de pl\u00e1stico trasparente o de color. Diferentes tama\u00f1os, con 30 cajones. Terminado en pintura horneada.<\/p>\n<p>Diferentes medidas:<\/p>\n<p>83 x 32 x 92<br \/>\n132 x 32 x 92<br \/>\n162 x 32 x 92<\/p>\n","protected":false},"excerpt":{"rendered":"<p>Fabricado en l\u00e1mina de calibre 24. Cajones de pl\u00e1stico trasparente o de color. Diferentes tama\u00f1os, con 30 cajones. Terminado en pintura horneada. Diferentes medidas: 83 x 32 x 92 132 x 32 x 92 162 x 32 x 92<\/p>\n","protected":false},"featured_media":2943,"comment_status":"open","ping_status":"closed","template":"","meta":{"site-sidebar-layout":"default","site-content-layout":"default","ast-global-header-display":"","ast-main-header-display":"","ast-hfb-above-header-display":"","ast-hfb-below-header-display":"","ast-hfb-mobile-header-display":"","site-post-title":"","ast-breadcrumbs-content":"","ast-featured-img":"","footer-sml-layout":"","theme-transparent-header-meta":"default","adv-header-id-meta":"","stick-header-meta":"","header-above-stick-meta":"","header-main-stick-meta":"","header-below-stick-meta":"","_themeisle_gutenberg_block_has_review":false,"_joinchat":[]},"product_brand":[],"product_cat":[58],"product_tag":[112,61,108,109,106,107],"class_list":{"0":"post-2942","1":"product","2":"type-product","3":"status-publish","4":"has-post-thumbnail","6":"product_cat-comercio","7":"product_tag-cajonera","8":"product_tag-comercio","9":"product_tag-exhibidor","10":"product_tag-mostrador","11":"product_tag-mueble-para-negocio","12":"product_tag-muebles-de-comercio","13":"desktop-align-left","14":"tablet-align-left","15":"mobile-align-left","17":"first","18":"instock","19":"shipping-taxable","20":"product-type-simple"},"_links":{"self":[{"href":"https:\/\/omokamuebles.com\/index.php\/wp-json\/wp\/v2\/product\/2942","targetHints":{"allow":["GET"]}}],"collection":[{"href":"https:\/\/omokamuebles.com\/index.php\/wp-json\/wp\/v2\/product"}],"about":[{"href":"https:\/\/omokamuebles.com\/index.php\/wp-json\/wp\/v2\/types\/product"}],"replies":[{"embeddable":true,"href":"https:\/\/omokamuebles.com\/index.php\/wp-json\/wp\/v2\/comments?post=2942"}],"wp:featuredmedia":[{"embeddable":true,"href":"https:\/\/omokamuebles.com\/index.php\/wp-json\/wp\/v2\/media\/2943"}],"wp:attachment":[{"href":"https:\/\/omokamuebles.com\/index.php\/wp-json\/wp\/v2\/media?parent=2942"}],"wp:term":[{"taxonomy":"product_brand","embeddable":true,"href":"https:\/\/omokamuebles.com\/index.php\/wp-json\/wp\/v2\/product_brand?post=2942"},{"taxonomy":"product_cat","embeddable":true,"href":"https:\/\/omokamuebles.com\/index.php\/wp-json\/wp\/v2\/product_cat?post=2942"},{"taxonomy":"product_tag","embeddable":true,"href":"https:\/\/omokamuebles.com\/index.php\/wp-json\/wp\/v2\/product_tag?post=2942"}],"curies":[{"name":"wp","href":"https:\/\/api.w.org\/{rel}","templated":true}]}}