{"id":3530,"date":"2025-01-06T01:16:27","date_gmt":"2025-01-06T01:16:27","guid":{"rendered":"https:\/\/omokamuebles.com\/?post_type=product&#038;p=3530"},"modified":"2025-06-29T23:54:00","modified_gmt":"2025-06-29T23:54:00","slug":"archivero-metalico-21-carta-blanco-om0754","status":"publish","type":"product","link":"https:\/\/omokamuebles.com\/index.php\/producto\/archivero-metalico-21-carta-blanco-om0754\/","title":{"rendered":"ARCHIVERO METALICO 2+1 CARTA (BLANCO) OM0754"},"content":{"rendered":"<p>Archivero Met\u00e1lico 2+1 OM0754<br \/>\nCuerpo:<br \/>\n-L\u00e1mina calibre 22<br \/>\n-Costados de una sola pieza &#8211; respaldo lamina callbre 24<br \/>\n-Soclo l\u00e1mina calibre 22 con refuerzos verticales en los costados en l\u00e1mina<br \/>\ncalibre 22, y divisores frontales entre gavetas<\/p>\n<p>Gavetas: (Tama\u00f1o carta)<br \/>\n-Frente de l\u00e1mina calibre 24<br \/>\n-Soporte por caj\u00f3n: Hasta 30 kilos<\/p>\n<p>Dimensiones: 40x50x60 cm<\/p>\n","protected":false},"excerpt":{"rendered":"<p>Archivero Met\u00e1lico 2+1 OM0754 Cuerpo: -L\u00e1mina calibre 22 -Costados de una sola pieza &#8211; respaldo lamina callbre 24 -Soclo l\u00e1mina calibre 22 con refuerzos verticales en los costados en l\u00e1mina calibre 22, y divisores frontales entre gavetas Gavetas: (Tama\u00f1o carta) -Frente de l\u00e1mina calibre 24 -Soporte por caj\u00f3n: Hasta 30 kilos Dimensiones: 40x50x60 cm<\/p>\n","protected":false},"featured_media":3531,"comment_status":"open","ping_status":"closed","template":"","meta":{"site-sidebar-layout":"default","site-content-layout":"default","ast-global-header-display":"","ast-main-header-display":"","ast-hfb-above-header-display":"","ast-hfb-below-header-display":"","ast-hfb-mobile-header-display":"","site-post-title":"","ast-breadcrumbs-content":"","ast-featured-img":"","footer-sml-layout":"","theme-transparent-header-meta":"default","adv-header-id-meta":"","stick-header-meta":"","header-above-stick-meta":"","header-main-stick-meta":"","header-below-stick-meta":"","_themeisle_gutenberg_block_has_review":false,"_joinchat":[]},"product_brand":[],"product_cat":[85,28],"product_tag":[75,74,41],"class_list":{"0":"post-3530","1":"product","2":"type-product","3":"status-publish","4":"has-post-thumbnail","6":"product_cat-mobiliario-escolar","7":"product_cat-muebles","8":"product_tag-archivero","9":"product_tag-archivero-metalico","10":"product_tag-muebles-de-oficina","11":"desktop-align-left","12":"tablet-align-left","13":"mobile-align-left","15":"first","16":"instock","17":"shipping-taxable","18":"product-type-simple"},"_links":{"self":[{"href":"https:\/\/omokamuebles.com\/index.php\/wp-json\/wp\/v2\/product\/3530","targetHints":{"allow":["GET"]}}],"collection":[{"href":"https:\/\/omokamuebles.com\/index.php\/wp-json\/wp\/v2\/product"}],"about":[{"href":"https:\/\/omokamuebles.com\/index.php\/wp-json\/wp\/v2\/types\/product"}],"replies":[{"embeddable":true,"href":"https:\/\/omokamuebles.com\/index.php\/wp-json\/wp\/v2\/comments?post=3530"}],"wp:featuredmedia":[{"embeddable":true,"href":"https:\/\/omokamuebles.com\/index.php\/wp-json\/wp\/v2\/media\/3531"}],"wp:attachment":[{"href":"https:\/\/omokamuebles.com\/index.php\/wp-json\/wp\/v2\/media?parent=3530"}],"wp:term":[{"taxonomy":"product_brand","embeddable":true,"href":"https:\/\/omokamuebles.com\/index.php\/wp-json\/wp\/v2\/product_brand?post=3530"},{"taxonomy":"product_cat","embeddable":true,"href":"https:\/\/omokamuebles.com\/index.php\/wp-json\/wp\/v2\/product_cat?post=3530"},{"taxonomy":"product_tag","embeddable":true,"href":"https:\/\/omokamuebles.com\/index.php\/wp-json\/wp\/v2\/product_tag?post=3530"}],"curies":[{"name":"wp","href":"https:\/\/api.w.org\/{rel}","templated":true}]}}