{"id":3540,"date":"2025-01-06T01:45:51","date_gmt":"2025-01-06T01:45:51","guid":{"rendered":"https:\/\/omokamuebles.com\/?post_type=product&#038;p=3540"},"modified":"2025-01-06T01:45:51","modified_gmt":"2025-01-06T01:45:51","slug":"archivero-metalico-4-gavetas-om16255","status":"publish","type":"product","link":"https:\/\/omokamuebles.com\/index.php\/producto\/archivero-metalico-4-gavetas-om16255\/","title":{"rendered":"ARCHIVERO METALICO 4 GAVETAS  OM16255"},"content":{"rendered":"<p>Archivero Met\u00e1lico OM16255 Grafito<br \/>\nCuerpo:<br \/>\n-Cubierta superior l\u00e1mina calibre 22<br \/>\n-Costados de una sola pieza y respaldo lamina callbre 24<br \/>\n-Soclo l\u00e1mina calibre 22 con refuerzos verticales en los costados en l\u00e1mina<br \/>\ncalibre 22, y divisores frontales entre gavetas<br \/>\n-Gavetas: (Tama\u00f1o carta)<br \/>\n-Frente de l\u00e1mina calibre 24<br \/>\n-Soporte por caj\u00f3n: Hasta 30 kilos<\/p>\n<p>Dimensiones: 36x46x118 cm<\/p>\n","protected":false},"excerpt":{"rendered":"<p>Archivero Met\u00e1lico OM16255 Grafito Cuerpo: -Cubierta superior l\u00e1mina calibre 22 -Costados de una sola pieza y respaldo lamina callbre 24 -Soclo l\u00e1mina calibre 22 con refuerzos verticales en los costados en l\u00e1mina calibre 22, y divisores frontales entre gavetas -Gavetas: (Tama\u00f1o carta) -Frente de l\u00e1mina calibre 24 -Soporte por caj\u00f3n: Hasta 30 kilos Dimensiones: 36x46x118 &hellip;<\/p>\n<p class=\"read-more\"> <a class=\"\" href=\"https:\/\/omokamuebles.com\/index.php\/producto\/archivero-metalico-4-gavetas-om16255\/\"> <span class=\"screen-reader-text\">ARCHIVERO METALICO 4 GAVETAS  OM16255<\/span> Leer m\u00e1s &raquo;<\/a><\/p>\n","protected":false},"featured_media":3543,"comment_status":"open","ping_status":"closed","template":"","meta":{"site-sidebar-layout":"default","site-content-layout":"default","ast-global-header-display":"","ast-main-header-display":"","ast-hfb-above-header-display":"","ast-hfb-below-header-display":"","ast-hfb-mobile-header-display":"","site-post-title":"","ast-breadcrumbs-content":"","ast-featured-img":"","footer-sml-layout":"","theme-transparent-header-meta":"default","adv-header-id-meta":"","stick-header-meta":"","header-above-stick-meta":"","header-main-stick-meta":"","header-below-stick-meta":"","_themeisle_gutenberg_block_has_review":false,"_joinchat":[]},"product_brand":[],"product_cat":[85,28],"product_tag":[75,74,87,41],"class_list":{"0":"post-3540","1":"product","2":"type-product","3":"status-publish","4":"has-post-thumbnail","6":"product_cat-mobiliario-escolar","7":"product_cat-muebles","8":"product_tag-archivero","9":"product_tag-archivero-metalico","10":"product_tag-mobiliario-escolar","11":"product_tag-muebles-de-oficina","12":"desktop-align-left","13":"tablet-align-left","14":"mobile-align-left","16":"first","17":"instock","18":"shipping-taxable","19":"product-type-simple"},"_links":{"self":[{"href":"https:\/\/omokamuebles.com\/index.php\/wp-json\/wp\/v2\/product\/3540","targetHints":{"allow":["GET"]}}],"collection":[{"href":"https:\/\/omokamuebles.com\/index.php\/wp-json\/wp\/v2\/product"}],"about":[{"href":"https:\/\/omokamuebles.com\/index.php\/wp-json\/wp\/v2\/types\/product"}],"replies":[{"embeddable":true,"href":"https:\/\/omokamuebles.com\/index.php\/wp-json\/wp\/v2\/comments?post=3540"}],"wp:featuredmedia":[{"embeddable":true,"href":"https:\/\/omokamuebles.com\/index.php\/wp-json\/wp\/v2\/media\/3543"}],"wp:attachment":[{"href":"https:\/\/omokamuebles.com\/index.php\/wp-json\/wp\/v2\/media?parent=3540"}],"wp:term":[{"taxonomy":"product_brand","embeddable":true,"href":"https:\/\/omokamuebles.com\/index.php\/wp-json\/wp\/v2\/product_brand?post=3540"},{"taxonomy":"product_cat","embeddable":true,"href":"https:\/\/omokamuebles.com\/index.php\/wp-json\/wp\/v2\/product_cat?post=3540"},{"taxonomy":"product_tag","embeddable":true,"href":"https:\/\/omokamuebles.com\/index.php\/wp-json\/wp\/v2\/product_tag?post=3540"}],"curies":[{"name":"wp","href":"https:\/\/api.w.org\/{rel}","templated":true}]}}