{"id":3693,"date":"2025-02-28T03:37:42","date_gmt":"2025-02-28T03:37:42","guid":{"rendered":"https:\/\/omokamuebles.com\/?post_type=product&#038;p=3693"},"modified":"2025-02-28T03:37:42","modified_gmt":"2025-02-28T03:37:42","slug":"ropero-valdivia-om","status":"publish","type":"product","link":"https:\/\/omokamuebles.com\/index.php\/producto\/ropero-valdivia-om\/","title":{"rendered":"Ropero Valdivia OM"},"content":{"rendered":"<p><strong>Ropero Valdivia OM es la fusi\u00f3n perfecta entre estilo y practicidad. <\/strong>Sus compartimentos especialmente dise\u00f1ados permiten organizar desde prendas peque\u00f1as hasta abrigos largos, optimizando cada cent\u00edmetro disponible para tu ropa.<\/p>\n","protected":false},"excerpt":{"rendered":"<p>La distribuci\u00f3n interior inteligente incluye espacios espec\u00edficos para diferentes tipos de prendas.\u00a0Los cajones deslizables y las puertas con bisagras de alta calidad garantizan un funcionamiento suave y duradero, facilitando el acceso a tu guardarropa completo.<\/p>\n","protected":false},"featured_media":3694,"comment_status":"open","ping_status":"closed","template":"","meta":{"site-sidebar-layout":"default","site-content-layout":"default","ast-global-header-display":"","ast-main-header-display":"","ast-hfb-above-header-display":"","ast-hfb-below-header-display":"","ast-hfb-mobile-header-display":"","site-post-title":"","ast-breadcrumbs-content":"","ast-featured-img":"","footer-sml-layout":"","theme-transparent-header-meta":"default","adv-header-id-meta":"","stick-header-meta":"","header-above-stick-meta":"","header-main-stick-meta":"","header-below-stick-meta":"","_themeisle_gutenberg_block_has_review":false,"_joinchat":[]},"product_brand":[],"product_cat":[114,115],"product_tag":[116,119,125],"class_list":{"0":"post-3693","1":"product","2":"type-product","3":"status-publish","4":"has-post-thumbnail","6":"product_cat-muebles-de-hogar","7":"product_cat-muebles-de-hogar-2","8":"product_tag-muebles-de-casa","9":"product_tag-muebles-de-hogar","10":"product_tag-ropero","11":"desktop-align-left","12":"tablet-align-left","13":"mobile-align-left","15":"first","16":"instock","17":"shipping-taxable","18":"product-type-simple"},"_links":{"self":[{"href":"https:\/\/omokamuebles.com\/index.php\/wp-json\/wp\/v2\/product\/3693","targetHints":{"allow":["GET"]}}],"collection":[{"href":"https:\/\/omokamuebles.com\/index.php\/wp-json\/wp\/v2\/product"}],"about":[{"href":"https:\/\/omokamuebles.com\/index.php\/wp-json\/wp\/v2\/types\/product"}],"replies":[{"embeddable":true,"href":"https:\/\/omokamuebles.com\/index.php\/wp-json\/wp\/v2\/comments?post=3693"}],"wp:featuredmedia":[{"embeddable":true,"href":"https:\/\/omokamuebles.com\/index.php\/wp-json\/wp\/v2\/media\/3694"}],"wp:attachment":[{"href":"https:\/\/omokamuebles.com\/index.php\/wp-json\/wp\/v2\/media?parent=3693"}],"wp:term":[{"taxonomy":"product_brand","embeddable":true,"href":"https:\/\/omokamuebles.com\/index.php\/wp-json\/wp\/v2\/product_brand?post=3693"},{"taxonomy":"product_cat","embeddable":true,"href":"https:\/\/omokamuebles.com\/index.php\/wp-json\/wp\/v2\/product_cat?post=3693"},{"taxonomy":"product_tag","embeddable":true,"href":"https:\/\/omokamuebles.com\/index.php\/wp-json\/wp\/v2\/product_tag?post=3693"}],"curies":[{"name":"wp","href":"https:\/\/api.w.org\/{rel}","templated":true}]}}