{"id":3758,"date":"2025-05-15T04:08:30","date_gmt":"2025-05-15T04:08:30","guid":{"rendered":"https:\/\/omokamuebles.com\/?post_type=product&#038;p=3758"},"modified":"2025-05-15T04:09:01","modified_gmt":"2025-05-15T04:09:01","slug":"entrepano-92-x-45-calibre-24","status":"publish","type":"product","link":"https:\/\/omokamuebles.com\/index.php\/producto\/entrepano-92-x-45-calibre-24\/","title":{"rendered":"Entrepa\u00f1o 92 x 45 calibre 24"},"content":{"rendered":"<p>Entrepa\u00f1o fabricado en l\u00e1mina rolada en fr\u00edo calibre 24\u2033.<br \/>\nAcabado en pintura en polvo epoxi-poliester aplicada electrostaticamente horneada a 200\u00ba.<br \/>\nLos entrepa\u00f1os se procesan con l\u00e1mina rolada en fr\u00edo de primera calidad, la l\u00e1mina es de grado 1008 para dar m\u00e1s resistencia en todos nuestros productos.<br \/>\nTodas las medidas de los entrepa\u00f1os son de calibre 24, con una capacidad de carga de 100 kg. distribuidos en toda la superficie.<br \/>\nLos postes se procesan con l\u00e1mina caliente decapada en grado 1008 calibre 14.<br \/>\nCon agujeros cada 5 cm. Para dar suficiente versatilidad para cada uso.<\/p>\n","protected":false},"excerpt":{"rendered":"<p>Entrepa\u00f1o fabricado en l\u00e1mina rolada en fr\u00edo calibre 24\u2033. Acabado en pintura en polvo epoxi-poliester aplicada electrostaticamente horneada a 200\u00ba. Los entrepa\u00f1os se procesan con l\u00e1mina rolada en fr\u00edo de primera calidad, la l\u00e1mina es de grado 1008 para dar m\u00e1s resistencia en todos nuestros productos. Todas las medidas de los entrepa\u00f1os son de calibre &hellip;<\/p>\n<p class=\"read-more\"> <a class=\"\" href=\"https:\/\/omokamuebles.com\/index.php\/producto\/entrepano-92-x-45-calibre-24\/\"> <span class=\"screen-reader-text\">Entrepa\u00f1o 92 x 45 calibre 24<\/span> Leer m\u00e1s &raquo;<\/a><\/p>\n","protected":false},"featured_media":2681,"comment_status":"open","ping_status":"closed","template":"","meta":{"site-sidebar-layout":"default","site-content-layout":"default","ast-global-header-display":"","ast-main-header-display":"","ast-hfb-above-header-display":"","ast-hfb-below-header-display":"","ast-hfb-mobile-header-display":"","site-post-title":"","ast-breadcrumbs-content":"","ast-featured-img":"","footer-sml-layout":"","theme-transparent-header-meta":"default","adv-header-id-meta":"","stick-header-meta":"","header-above-stick-meta":"","header-main-stick-meta":"","header-below-stick-meta":"","_themeisle_gutenberg_block_has_review":false,"_joinchat":[]},"product_brand":[],"product_cat":[39],"product_tag":[67,79,80,66,70],"class_list":{"0":"post-3758","1":"product","2":"type-product","3":"status-publish","4":"has-post-thumbnail","6":"product_cat-almacenamiento","7":"product_tag-almacenamiento","8":"product_tag-charola","9":"product_tag-entrepano","10":"product_tag-estante","11":"product_tag-estanteria","12":"desktop-align-left","13":"tablet-align-left","14":"mobile-align-left","16":"first","17":"instock","18":"shipping-taxable","19":"product-type-simple"},"_links":{"self":[{"href":"https:\/\/omokamuebles.com\/index.php\/wp-json\/wp\/v2\/product\/3758","targetHints":{"allow":["GET"]}}],"collection":[{"href":"https:\/\/omokamuebles.com\/index.php\/wp-json\/wp\/v2\/product"}],"about":[{"href":"https:\/\/omokamuebles.com\/index.php\/wp-json\/wp\/v2\/types\/product"}],"replies":[{"embeddable":true,"href":"https:\/\/omokamuebles.com\/index.php\/wp-json\/wp\/v2\/comments?post=3758"}],"wp:featuredmedia":[{"embeddable":true,"href":"https:\/\/omokamuebles.com\/index.php\/wp-json\/wp\/v2\/media\/2681"}],"wp:attachment":[{"href":"https:\/\/omokamuebles.com\/index.php\/wp-json\/wp\/v2\/media?parent=3758"}],"wp:term":[{"taxonomy":"product_brand","embeddable":true,"href":"https:\/\/omokamuebles.com\/index.php\/wp-json\/wp\/v2\/product_brand?post=3758"},{"taxonomy":"product_cat","embeddable":true,"href":"https:\/\/omokamuebles.com\/index.php\/wp-json\/wp\/v2\/product_cat?post=3758"},{"taxonomy":"product_tag","embeddable":true,"href":"https:\/\/omokamuebles.com\/index.php\/wp-json\/wp\/v2\/product_tag?post=3758"}],"curies":[{"name":"wp","href":"https:\/\/api.w.org\/{rel}","templated":true}]}}